{"id":5040,"date":"2019-07-12T16:51:12","date_gmt":"2019-07-12T14:51:12","guid":{"rendered":"http:\/\/atas.devsrvr.net\/prodotto\/tecnoclim\/"},"modified":"2022-10-13T10:48:27","modified_gmt":"2022-10-13T08:48:27","slug":"tecnoclim","status":"publish","type":"product","link":"https:\/\/www.atassrl.it\/es\/prodotto\/tecnoclim\/","title":{"rendered":"TECNOCLIM"},"content":{"rendered":"<div class=\"page\" title=\"Page 60\">\n<div class=\"section\">\n<div class=\"layoutArea\">\n<div class=\"column\">\n<p><span data-sheets-value=\"{&quot;1&quot;:2,&quot;2&quot;:&quot;L\u00cdQUIDO ANTICONGELANTE PARA RADIADORESnProducto rojo concentrado que contiene inhibidores de corrosi\u00f3n especiales - G12 - para una protecci\u00f3n eficaz del circuito de refrigeraci\u00f3n, en particular de sus partes de aluminio. Antievaporante y antiincrustante, no produce espuma. Diluido al 50% de su volumen, asegura una protecci\u00f3n antihielo hasta \u2013 38\u00b0 C. Disponible en las versiones PURE y -40.&quot;}\" data-sheets-userformat=\"{&quot;2&quot;:2819,&quot;3&quot;:{&quot;1&quot;:0},&quot;4&quot;:{&quot;1&quot;:2,&quot;2&quot;:16777215},&quot;11&quot;:4,&quot;12&quot;:0,&quot;14&quot;:{&quot;1&quot;:2,&quot;2&quot;:0}}\">Producto rojo concentrado que contiene inhibidores de corrosi\u00f3n especiales &#8211; G12 &#8211; para una protecci\u00f3n eficaz del circuito de refrigeraci\u00f3n, en particular de sus partes de aluminio. Antievaporante y antiincrustante, no produce espuma. Diluido al 50% de su volumen, asegura una protecci\u00f3n antihielo hasta \u2013 38\u00b0 C. Disponible en las versiones PURE y -40.<\/span><\/p>\n<\/div>\n<\/div>\n<\/div>\n<\/div>\n","protected":false},"excerpt":{"rendered":"<div class=\"page\" title=\"Page 60\">\n<div class=\"section\">\n<div class=\"layoutArea\">\n<div class=\"column\">\n<p><span data-sheets-value=\"{&quot;1&quot;:2,&quot;2&quot;:&quot;L\u00cdQUIDO ANTICONGELANTE PARA RADIADORESnProducto rojo concentrado que contiene inhibidores de corrosi\u00f3n especiales - G12 - para una protecci\u00f3n eficaz del circuito de refrigeraci\u00f3n, en particular de sus partes de aluminio. Antievaporante y antiincrustante, no produce espuma. Diluido al 50% de su volumen, asegura una protecci\u00f3n antihielo hasta \u2013 38\u00b0 C. Disponible en las versiones PURE y -40.&quot;}\" data-sheets-userformat=\"{&quot;2&quot;:2819,&quot;3&quot;:{&quot;1&quot;:0},&quot;4&quot;:{&quot;1&quot;:2,&quot;2&quot;:16777215},&quot;11&quot;:4,&quot;12&quot;:0,&quot;14&quot;:{&quot;1&quot;:2,&quot;2&quot;:0}}\">L\u00cdQUIDO ANTICONGELANTE PARA RADIADORES<\/p>\n<p><\/span><\/p>\n<\/div>\n<\/div>\n<\/div>\n<\/div>\n","protected":false},"featured_media":3519,"template":"","meta":{"_acf_changed":false,"_seopress_robots_primary_cat":"","_seopress_titles_title":"","_seopress_titles_desc":"","_seopress_robots_index":"","_seopress_analysis_target_kw":""},"product_brand":[],"product_cat":[273,344],"product_tag":[],"class_list":{"0":"post-5040","1":"product","2":"type-product","3":"status-publish","4":"has-post-thumbnail","6":"product_cat-linea-atasdet-es","7":"product_cat-talleres-mecanicos","9":"first","10":"instock","11":"shipping-taxable","12":"product-type-variable"},"acf":[],"_links":{"self":[{"href":"https:\/\/www.atassrl.it\/es\/wp-json\/wp\/v2\/product\/5040","targetHints":{"allow":["GET"]}}],"collection":[{"href":"https:\/\/www.atassrl.it\/es\/wp-json\/wp\/v2\/product"}],"about":[{"href":"https:\/\/www.atassrl.it\/es\/wp-json\/wp\/v2\/types\/product"}],"wp:featuredmedia":[{"embeddable":true,"href":"https:\/\/www.atassrl.it\/es\/wp-json\/wp\/v2\/media\/3519"}],"wp:attachment":[{"href":"https:\/\/www.atassrl.it\/es\/wp-json\/wp\/v2\/media?parent=5040"}],"wp:term":[{"taxonomy":"product_brand","embeddable":true,"href":"https:\/\/www.atassrl.it\/es\/wp-json\/wp\/v2\/product_brand?post=5040"},{"taxonomy":"product_cat","embeddable":true,"href":"https:\/\/www.atassrl.it\/es\/wp-json\/wp\/v2\/product_cat?post=5040"},{"taxonomy":"product_tag","embeddable":true,"href":"https:\/\/www.atassrl.it\/es\/wp-json\/wp\/v2\/product_tag?post=5040"}],"curies":[{"name":"wp","href":"https:\/\/api.w.org\/{rel}","templated":true}]}}