{"id":5072,"date":"2019-07-15T15:10:01","date_gmt":"2019-07-15T13:10:01","guid":{"rendered":"http:\/\/atas.devsrvr.net\/prodotto\/motormec\/"},"modified":"2022-10-11T09:36:51","modified_gmt":"2022-10-11T07:36:51","slug":"motormec","status":"publish","type":"product","link":"https:\/\/www.atassrl.it\/es\/prodotto\/motormec\/","title":{"rendered":"MOTORMEC"},"content":{"rendered":"<div class=\"page\" title=\"Page 62\">\n<div class=\"section\">\n<div class=\"layoutArea\">\n<div class=\"column\">\n<p style=\"font-weight: 400;\">Detergente en base disolvente apto para la limpieza manual con cepillo. Elimina grasas y residuos aceitosos de motores y partes mec\u00e1nicas en general. Gracias a su particular composici\u00f3n, ataca la suciedad emulsion\u00e1ndola por completo, no mancha y no da\u00f1a las piezas de pl\u00e1stico o goma. Producto de baja evaporaci\u00f3n y bajo olor que puede ser utilizado tambi\u00e9n por pulverizaci\u00f3n. Sin enjuague.<\/p>\n<\/div>\n<\/div>\n<\/div>\n<\/div>\n","protected":false},"excerpt":{"rendered":"<div class=\"page\" title=\"Page 62\">\n<div class=\"section\">\n<div class=\"layoutArea\">\n<div class=\"column\">\n<p style=\"font-weight: 400;\">DESENGRASANTE MANUAL PARA PIEZAS MEC\u00c1NICAS<\/p>\n<\/div>\n<\/div>\n<\/div>\n<\/div>\n","protected":false},"featured_media":3446,"template":"","meta":{"_acf_changed":false,"_seopress_robots_primary_cat":"","_seopress_titles_title":"","_seopress_titles_desc":"","_seopress_robots_index":"","_seopress_analysis_target_kw":""},"product_brand":[],"product_cat":[340,273,344],"product_tag":[],"class_list":{"0":"post-5072","1":"product","2":"type-product","3":"status-publish","4":"has-post-thumbnail","6":"product_cat-limpiador-para-motores","7":"product_cat-linea-atasdet-es","8":"product_cat-talleres-mecanicos","10":"first","11":"instock","12":"shipping-taxable","13":"product-type-variable"},"acf":[],"_links":{"self":[{"href":"https:\/\/www.atassrl.it\/es\/wp-json\/wp\/v2\/product\/5072","targetHints":{"allow":["GET"]}}],"collection":[{"href":"https:\/\/www.atassrl.it\/es\/wp-json\/wp\/v2\/product"}],"about":[{"href":"https:\/\/www.atassrl.it\/es\/wp-json\/wp\/v2\/types\/product"}],"wp:featuredmedia":[{"embeddable":true,"href":"https:\/\/www.atassrl.it\/es\/wp-json\/wp\/v2\/media\/3446"}],"wp:attachment":[{"href":"https:\/\/www.atassrl.it\/es\/wp-json\/wp\/v2\/media?parent=5072"}],"wp:term":[{"taxonomy":"product_brand","embeddable":true,"href":"https:\/\/www.atassrl.it\/es\/wp-json\/wp\/v2\/product_brand?post=5072"},{"taxonomy":"product_cat","embeddable":true,"href":"https:\/\/www.atassrl.it\/es\/wp-json\/wp\/v2\/product_cat?post=5072"},{"taxonomy":"product_tag","embeddable":true,"href":"https:\/\/www.atassrl.it\/es\/wp-json\/wp\/v2\/product_tag?post=5072"}],"curies":[{"name":"wp","href":"https:\/\/api.w.org\/{rel}","templated":true}]}}