{"id":5086,"date":"2019-07-15T15:18:45","date_gmt":"2019-07-15T13:18:45","guid":{"rendered":"http:\/\/atas.devsrvr.net\/prodotto\/romec\/"},"modified":"2022-10-11T09:48:43","modified_gmt":"2022-10-11T07:48:43","slug":"romec","status":"publish","type":"product","link":"https:\/\/www.atassrl.it\/es\/prodotto\/romec\/","title":{"rendered":"ROMEC"},"content":{"rendered":"<div class=\"page\" title=\"Page 63\">\n<div class=\"section\">\n<div class=\"layoutArea\">\n<div class=\"column\">\n<p style=\"font-weight: 400;\">Con reducido poder espumante, es adecuado para el lavado de piezas peque\u00f1as y componentes mec\u00e1nicos de hierro, acero, aluminio y sus aleaciones en cuba rotativa. Los tensioactivos contenidos estabilizan r\u00e1pidamente la suciedad grasosa, dejando las superficies limpias y brillantes. Tambi\u00e9n se puede utilizar por pulverizaci\u00f3n. Diluir con agua 1: 5-15.<\/p>\n<\/div>\n<\/div>\n<\/div>\n<\/div>\n","protected":false},"excerpt":{"rendered":"<div class=\"page\" title=\"Page 63\">\n<div class=\"section\">\n<div class=\"layoutArea\">\n<div class=\"column\">\n<div><span lang=\"ES\">DESENGRASANTE BASE AGUA PARA ALUMINIO<\/span><\/div>\n<\/div>\n<\/div>\n<\/div>\n<\/div>\n","protected":false},"featured_media":3505,"template":"","meta":{"_acf_changed":false,"_seopress_robots_primary_cat":"","_seopress_titles_title":"","_seopress_titles_desc":"","_seopress_robots_index":"","_seopress_analysis_target_kw":""},"product_brand":[],"product_cat":[360,273,344],"product_tag":[],"class_list":{"0":"post-5086","1":"product","2":"type-product","3":"status-publish","4":"has-post-thumbnail","6":"product_cat-limpiador-para-cubas-rotativas","7":"product_cat-linea-atasdet-es","8":"product_cat-talleres-mecanicos","10":"first","11":"instock","12":"shipping-taxable","13":"product-type-variable"},"acf":[],"_links":{"self":[{"href":"https:\/\/www.atassrl.it\/es\/wp-json\/wp\/v2\/product\/5086","targetHints":{"allow":["GET"]}}],"collection":[{"href":"https:\/\/www.atassrl.it\/es\/wp-json\/wp\/v2\/product"}],"about":[{"href":"https:\/\/www.atassrl.it\/es\/wp-json\/wp\/v2\/types\/product"}],"wp:featuredmedia":[{"embeddable":true,"href":"https:\/\/www.atassrl.it\/es\/wp-json\/wp\/v2\/media\/3505"}],"wp:attachment":[{"href":"https:\/\/www.atassrl.it\/es\/wp-json\/wp\/v2\/media?parent=5086"}],"wp:term":[{"taxonomy":"product_brand","embeddable":true,"href":"https:\/\/www.atassrl.it\/es\/wp-json\/wp\/v2\/product_brand?post=5086"},{"taxonomy":"product_cat","embeddable":true,"href":"https:\/\/www.atassrl.it\/es\/wp-json\/wp\/v2\/product_cat?post=5086"},{"taxonomy":"product_tag","embeddable":true,"href":"https:\/\/www.atassrl.it\/es\/wp-json\/wp\/v2\/product_tag?post=5086"}],"curies":[{"name":"wp","href":"https:\/\/api.w.org\/{rel}","templated":true}]}}