{"id":5092,"date":"2019-07-15T15:21:23","date_gmt":"2019-07-15T13:21:23","guid":{"rendered":"http:\/\/atas.devsrvr.net\/prodotto\/rovat\/"},"modified":"2022-10-11T09:59:46","modified_gmt":"2022-10-11T07:59:46","slug":"rovat","status":"publish","type":"product","link":"https:\/\/www.atassrl.it\/es\/prodotto\/rovat\/","title":{"rendered":"ROVAT"},"content":{"rendered":"<div class=\"page\" title=\"Page 63\">\n<div class=\"section\">\n<div class=\"layoutArea\">\n<div class=\"column\">\n<p style=\"font-weight: 400;\">Detergente alcalino concentrado espec\u00edfico para el lavado de piezas mec\u00e1nicas de hierro, fundici\u00f3n, acero, cobre y lat\u00f3n en cuba rotativa. No produce espuma y disuelve r\u00e1pidamente los residuos grasos y aceitosos. Tambi\u00e9n se puede utilizar por pulverizaci\u00f3n o inmersi\u00f3n. Evitar piezas de aluminio y sus aleaciones. Diluir con agua 1 a 5-15.<\/p>\n<\/div>\n<\/div>\n<\/div>\n<\/div>\n","protected":false},"excerpt":{"rendered":"<div class=\"page\" title=\"Page 63\">\n<div class=\"section\">\n<div class=\"layoutArea\">\n<div class=\"column\">\n<div><span lang=\"ES\">DESENGRASANTE A BASE DE AGUA PARA PIEZAS MEC\u00c1NICAS<\/span><\/div>\n<\/div>\n<\/div>\n<\/div>\n<\/div>\n","protected":false},"featured_media":3506,"template":"","meta":{"_acf_changed":false,"_seopress_robots_primary_cat":"","_seopress_titles_title":"","_seopress_titles_desc":"","_seopress_robots_index":"","_seopress_analysis_target_kw":""},"product_brand":[],"product_cat":[360,273,344],"product_tag":[],"class_list":{"0":"post-5092","1":"product","2":"type-product","3":"status-publish","4":"has-post-thumbnail","6":"product_cat-limpiador-para-cubas-rotativas","7":"product_cat-linea-atasdet-es","8":"product_cat-talleres-mecanicos","10":"first","11":"instock","12":"shipping-taxable","13":"product-type-variable"},"acf":[],"_links":{"self":[{"href":"https:\/\/www.atassrl.it\/es\/wp-json\/wp\/v2\/product\/5092","targetHints":{"allow":["GET"]}}],"collection":[{"href":"https:\/\/www.atassrl.it\/es\/wp-json\/wp\/v2\/product"}],"about":[{"href":"https:\/\/www.atassrl.it\/es\/wp-json\/wp\/v2\/types\/product"}],"wp:featuredmedia":[{"embeddable":true,"href":"https:\/\/www.atassrl.it\/es\/wp-json\/wp\/v2\/media\/3506"}],"wp:attachment":[{"href":"https:\/\/www.atassrl.it\/es\/wp-json\/wp\/v2\/media?parent=5092"}],"wp:term":[{"taxonomy":"product_brand","embeddable":true,"href":"https:\/\/www.atassrl.it\/es\/wp-json\/wp\/v2\/product_brand?post=5092"},{"taxonomy":"product_cat","embeddable":true,"href":"https:\/\/www.atassrl.it\/es\/wp-json\/wp\/v2\/product_cat?post=5092"},{"taxonomy":"product_tag","embeddable":true,"href":"https:\/\/www.atassrl.it\/es\/wp-json\/wp\/v2\/product_tag?post=5092"}],"curies":[{"name":"wp","href":"https:\/\/api.w.org\/{rel}","templated":true}]}}