{"id":5100,"date":"2019-07-15T15:27:32","date_gmt":"2019-07-15T13:27:32","guid":{"rendered":"http:\/\/atas.devsrvr.net\/prodotto\/dlb-2\/"},"modified":"2022-10-11T10:14:11","modified_gmt":"2022-10-11T08:14:11","slug":"dlb-2","status":"publish","type":"product","link":"https:\/\/www.atassrl.it\/es\/prodotto\/dlb-2\/","title":{"rendered":"DLB"},"content":{"rendered":"<div class=\"page\" title=\"Page 64\">\n<div class=\"section\">\n<div class=\"layoutArea\">\n<div class=\"column\">\n<p style=\"font-weight: 400;\">Detergente viscoso y espumoso con pH neutro indicado para el cuidado y mantenimiento de bicicletas de carrera, mountain bike, motocicletas y scooters. Gracias a las sustancias particulares contenidas, se puede utilizar manualmente con total seguridad en pinturas, pl\u00e1sticos, gomas, aleaciones ligeras, aluminio y cromados. De f\u00e1cil aclarado, devuelve el brillo original a las partes tratadas. Tambi\u00e9n se puede utilizar en presencia de aguas ricas en sales. No contiene fosfatos.<\/p>\n<\/div>\n<\/div>\n<\/div>\n<\/div>\n","protected":false},"excerpt":{"rendered":"<div class=\"page\" title=\"Page 64\">\n<div class=\"section\">\n<div class=\"layoutArea\">\n<div class=\"column\">\n<div><span lang=\"ES\">CHAMP\u00da ESPECIAL PARA BICICLETAS, MOTOS Y SCOOTERS<\/span><\/div>\n<\/div>\n<\/div>\n<\/div>\n<\/div>\n","protected":false},"featured_media":3400,"template":"","meta":{"_acf_changed":false,"_seopress_robots_primary_cat":"","_seopress_titles_title":"","_seopress_titles_desc":"","_seopress_robots_index":"","_seopress_analysis_target_kw":""},"product_brand":[],"product_cat":[294,273],"product_tag":[],"class_list":{"0":"post-5100","1":"product","2":"type-product","3":"status-publish","4":"has-post-thumbnail","6":"product_cat-bicicletas-y-motocicletas","7":"product_cat-linea-atasdet-es","9":"first","10":"instock","11":"shipping-taxable","12":"product-type-variable"},"acf":[],"_links":{"self":[{"href":"https:\/\/www.atassrl.it\/es\/wp-json\/wp\/v2\/product\/5100","targetHints":{"allow":["GET"]}}],"collection":[{"href":"https:\/\/www.atassrl.it\/es\/wp-json\/wp\/v2\/product"}],"about":[{"href":"https:\/\/www.atassrl.it\/es\/wp-json\/wp\/v2\/types\/product"}],"wp:featuredmedia":[{"embeddable":true,"href":"https:\/\/www.atassrl.it\/es\/wp-json\/wp\/v2\/media\/3400"}],"wp:attachment":[{"href":"https:\/\/www.atassrl.it\/es\/wp-json\/wp\/v2\/media?parent=5100"}],"wp:term":[{"taxonomy":"product_brand","embeddable":true,"href":"https:\/\/www.atassrl.it\/es\/wp-json\/wp\/v2\/product_brand?post=5100"},{"taxonomy":"product_cat","embeddable":true,"href":"https:\/\/www.atassrl.it\/es\/wp-json\/wp\/v2\/product_cat?post=5100"},{"taxonomy":"product_tag","embeddable":true,"href":"https:\/\/www.atassrl.it\/es\/wp-json\/wp\/v2\/product_tag?post=5100"}],"curies":[{"name":"wp","href":"https:\/\/api.w.org\/{rel}","templated":true}]}}