{"id":5204,"date":"2019-12-06T14:49:12","date_gmt":"2019-12-06T13:49:12","guid":{"rendered":"http:\/\/atas.devsrvr.net\/prodotto\/linsect\/"},"modified":"2022-08-02T09:55:18","modified_gmt":"2022-08-02T07:55:18","slug":"linsect","status":"publish","type":"product","link":"https:\/\/www.atassrl.it\/es\/prodotto\/linsect\/","title":{"rendered":"LINSECT"},"content":{"rendered":"<div class=\"page\" title=\"Page 10\">\n<div class=\"layoutArea\">\n<div class=\"column\">\n<p style=\"font-weight: 400;\">Detergente l\u00edquido con acci\u00f3n emoliente contra la suciedad -que ser\u00e1 eliminada permanentemente por la acci\u00f3n mec\u00e1nica de la hidrolimpiadora- adecuado para limpiar en profundidad la carrocer\u00eda, especialmente la parte inferior, y las llantas de grasa y \u00f3xido. Especialmente en la temporada de verano, se recomienda operar en superficies refrigeradas. En diluciones bajas, evite el contacto prolongado con el aluminio y sus aleaciones.<\/p>\n<\/div>\n<\/div>\n<\/div>\n","protected":false},"excerpt":{"rendered":"<div class=\"page\" title=\"Page 10\">\n<div class=\"layoutArea\">\n<div class=\"column\">\n<div><span lang=\"ES\">ELIMINADOR DE INSECTOS FUERTE<\/span><\/div>\n<\/div>\n<\/div>\n<\/div>\n","protected":false},"featured_media":7646,"template":"","meta":{"_acf_changed":false,"_seopress_robots_primary_cat":"","_seopress_titles_title":"","_seopress_titles_desc":"","_seopress_robots_index":"","_seopress_analysis_target_kw":""},"product_brand":[],"product_cat":[273,356],"product_tag":[],"class_list":{"0":"post-5204","1":"product","2":"type-product","3":"status-publish","4":"has-post-thumbnail","6":"product_cat-linea-atasdet-es","7":"product_cat-prelavados-de-mediana-potencia","9":"first","10":"instock","11":"shipping-taxable","12":"product-type-variable"},"acf":[],"_links":{"self":[{"href":"https:\/\/www.atassrl.it\/es\/wp-json\/wp\/v2\/product\/5204","targetHints":{"allow":["GET"]}}],"collection":[{"href":"https:\/\/www.atassrl.it\/es\/wp-json\/wp\/v2\/product"}],"about":[{"href":"https:\/\/www.atassrl.it\/es\/wp-json\/wp\/v2\/types\/product"}],"wp:featuredmedia":[{"embeddable":true,"href":"https:\/\/www.atassrl.it\/es\/wp-json\/wp\/v2\/media\/7646"}],"wp:attachment":[{"href":"https:\/\/www.atassrl.it\/es\/wp-json\/wp\/v2\/media?parent=5204"}],"wp:term":[{"taxonomy":"product_brand","embeddable":true,"href":"https:\/\/www.atassrl.it\/es\/wp-json\/wp\/v2\/product_brand?post=5204"},{"taxonomy":"product_cat","embeddable":true,"href":"https:\/\/www.atassrl.it\/es\/wp-json\/wp\/v2\/product_cat?post=5204"},{"taxonomy":"product_tag","embeddable":true,"href":"https:\/\/www.atassrl.it\/es\/wp-json\/wp\/v2\/product_tag?post=5204"}],"curies":[{"name":"wp","href":"https:\/\/api.w.org\/{rel}","templated":true}]}}