{"id":5208,"date":"2019-12-06T14:51:12","date_gmt":"2019-12-06T13:51:12","guid":{"rendered":"http:\/\/atas.devsrvr.net\/prodotto\/lasac\/"},"modified":"2022-07-28T11:33:21","modified_gmt":"2022-07-28T09:33:21","slug":"lasac","status":"publish","type":"product","link":"https:\/\/www.atassrl.it\/es\/prodotto\/lasac\/","title":{"rendered":"LASAC"},"content":{"rendered":"<div class=\"page\" title=\"Page 10\">\n<div class=\"layoutArea\">\n<div class=\"column\">\n<p style=\"font-weight: 400;\">Limpia y pule todas las superficies de autom\u00f3viles y motocicletas sin el uso de agua. Su particular composici\u00f3n asegura un acabado espejo, dejando una capa antiest\u00e1tica con efecto hidrofugante que retrasar\u00e1 la redeposici\u00f3n de la suciedad. De acci\u00f3n r\u00e1pida, elimina grasa, smog y residuos de insectos y excrementos de p\u00e1jaros. No contiene siliconas.<\/p>\n<\/div>\n<\/div>\n<\/div>\n","protected":false},"excerpt":{"rendered":"<div class=\"page\" title=\"Page 10\">\n<div class=\"layoutArea\">\n<div class=\"column\">\n<div><span lang=\"ES\">AGENTE DE LAVADO SIN AGUA<\/span><\/div>\n<\/div>\n<\/div>\n<\/div>\n","protected":false},"featured_media":7648,"template":"","meta":{"_acf_changed":false,"_seopress_robots_primary_cat":"","_seopress_titles_title":"","_seopress_titles_desc":"","_seopress_robots_index":"","_seopress_analysis_target_kw":""},"product_brand":[],"product_cat":[356],"product_tag":[],"class_list":{"0":"post-5208","1":"product","2":"type-product","3":"status-publish","4":"has-post-thumbnail","6":"product_cat-prelavados-de-mediana-potencia","8":"first","9":"instock","10":"shipping-taxable","11":"product-type-simple"},"acf":[],"_links":{"self":[{"href":"https:\/\/www.atassrl.it\/es\/wp-json\/wp\/v2\/product\/5208","targetHints":{"allow":["GET"]}}],"collection":[{"href":"https:\/\/www.atassrl.it\/es\/wp-json\/wp\/v2\/product"}],"about":[{"href":"https:\/\/www.atassrl.it\/es\/wp-json\/wp\/v2\/types\/product"}],"wp:featuredmedia":[{"embeddable":true,"href":"https:\/\/www.atassrl.it\/es\/wp-json\/wp\/v2\/media\/7648"}],"wp:attachment":[{"href":"https:\/\/www.atassrl.it\/es\/wp-json\/wp\/v2\/media?parent=5208"}],"wp:term":[{"taxonomy":"product_brand","embeddable":true,"href":"https:\/\/www.atassrl.it\/es\/wp-json\/wp\/v2\/product_brand?post=5208"},{"taxonomy":"product_cat","embeddable":true,"href":"https:\/\/www.atassrl.it\/es\/wp-json\/wp\/v2\/product_cat?post=5208"},{"taxonomy":"product_tag","embeddable":true,"href":"https:\/\/www.atassrl.it\/es\/wp-json\/wp\/v2\/product_tag?post=5208"}],"curies":[{"name":"wp","href":"https:\/\/api.w.org\/{rel}","templated":true}]}}