{"id":8077,"date":"2022-06-20T18:21:36","date_gmt":"2022-06-20T16:21:36","guid":{"rendered":"https:\/\/www.atassrl.it\/?post_type=product&#038;p=8077"},"modified":"2022-07-14T17:33:28","modified_gmt":"2022-07-14T15:33:28","slug":"makycar-cs-2","status":"publish","type":"product","link":"https:\/\/www.atassrl.it\/es\/prodotto\/makycar-cs-2\/","title":{"rendered":"MAKYCAR CS"},"content":{"rendered":"<div class=\"page\" title=\"Page 12\">\n<div class=\"layoutArea\">\n<div class=\"column\">\n<p>F\u00f3rmula con alta concentraci\u00f3n de aceites y ceras, particularmente eficaz en la eliminaci\u00f3n de smog, holl\u00edn y residuos de pastas abrasivas. Pule y protege tanto pinturas pastel como metalizadas. Se puede utilizar tanto manualmente como con m\u00e1quina pulidora ya que es un producto profesional. Disponible en versi\u00f3n abrasivo \u201c1 SA\u201d sin silicona y \u201c2 SL\u201d sin silicona.<\/p>\n<\/div>\n<\/div>\n<\/div>\n","protected":false},"excerpt":{"rendered":"<div class=\"page\" title=\"Page 12\">\n<div class=\"layoutArea\">\n<div class=\"column\">\n<p>PULIMENTO DE SILICONA PARA CARROCERIA<\/p>\n<\/div>\n<\/div>\n<\/div>\n","protected":false},"featured_media":8083,"template":"","meta":{"_acf_changed":false,"_seopress_robots_primary_cat":"","_seopress_titles_title":"","_seopress_titles_desc":"","_seopress_robots_index":"","_seopress_analysis_target_kw":""},"product_brand":[],"product_cat":[186],"product_tag":[],"class_list":{"0":"post-8077","1":"product","2":"type-product","3":"status-publish","4":"has-post-thumbnail","6":"product_cat-linea-atascar-es","8":"first","9":"instock","10":"shipping-taxable","11":"product-type-simple"},"acf":[],"_links":{"self":[{"href":"https:\/\/www.atassrl.it\/es\/wp-json\/wp\/v2\/product\/8077","targetHints":{"allow":["GET"]}}],"collection":[{"href":"https:\/\/www.atassrl.it\/es\/wp-json\/wp\/v2\/product"}],"about":[{"href":"https:\/\/www.atassrl.it\/es\/wp-json\/wp\/v2\/types\/product"}],"wp:featuredmedia":[{"embeddable":true,"href":"https:\/\/www.atassrl.it\/es\/wp-json\/wp\/v2\/media\/8083"}],"wp:attachment":[{"href":"https:\/\/www.atassrl.it\/es\/wp-json\/wp\/v2\/media?parent=8077"}],"wp:term":[{"taxonomy":"product_brand","embeddable":true,"href":"https:\/\/www.atassrl.it\/es\/wp-json\/wp\/v2\/product_brand?post=8077"},{"taxonomy":"product_cat","embeddable":true,"href":"https:\/\/www.atassrl.it\/es\/wp-json\/wp\/v2\/product_cat?post=8077"},{"taxonomy":"product_tag","embeddable":true,"href":"https:\/\/www.atassrl.it\/es\/wp-json\/wp\/v2\/product_tag?post=8077"}],"curies":[{"name":"wp","href":"https:\/\/api.w.org\/{rel}","templated":true}]}}