{"id":8446,"date":"2022-06-22T15:41:15","date_gmt":"2022-06-22T13:41:15","guid":{"rendered":"https:\/\/www.atassrl.it\/?post_type=product&#038;p=8446"},"modified":"2022-07-04T13:51:51","modified_gmt":"2022-07-04T11:51:51","slug":"galar-rame","status":"publish","type":"product","link":"https:\/\/www.atassrl.it\/es\/prodotto\/galar-rame\/","title":{"rendered":"GALAR RAME"},"content":{"rendered":"<div class=\"page\" title=\"Page 37\">\n<div class=\"section\">\n<div class=\"layoutArea\">\n<div class=\"column\">\n<p style=\"font-weight: 400;\">Lubricante resistente a muy altas temperaturas, se utiliza en acer\u00edas, fundiciones, talleres mec\u00e1nicos, sector naval y ferroviario, moldeado de metales y pl\u00e1sticos, empresas constructoras. Ideal para montar calderas y placas de quemadores, tuercas de colectores de escape de veh\u00edculos, ballestas, acoplamientos y ganchos de remolque. No sufre alteraciones por los agentes atmosf\u00e9ricos y evita la oxidaci\u00f3n en soldaduras y partes met\u00e1licas.<\/p>\n<\/div>\n<\/div>\n<\/div>\n<\/div>\n","protected":false},"excerpt":{"rendered":"<div class=\"page\" title=\"Page 37\">\n<div class=\"section\">\n<div class=\"layoutArea\">\n<div class=\"column\">\n<div><span lang=\"ES\">GRASA ANTIGRIPANTE<\/span><\/div>\n<\/div>\n<\/div>\n<\/div>\n<\/div>\n","protected":false},"featured_media":8452,"template":"","meta":{"_acf_changed":false,"_seopress_robots_primary_cat":"","_seopress_titles_title":"","_seopress_titles_desc":"","_seopress_robots_index":"","_seopress_analysis_target_kw":""},"product_brand":[],"product_cat":[186,209],"product_tag":[880],"class_list":{"0":"post-8446","1":"product","2":"type-product","3":"status-publish","4":"has-post-thumbnail","6":"product_cat-linea-atascar-es","7":"product_cat-productos-lubricantes","8":"product_tag-productos-tecnicos","10":"first","11":"outofstock","12":"shipping-taxable","13":"product-type-simple"},"acf":[],"_links":{"self":[{"href":"https:\/\/www.atassrl.it\/es\/wp-json\/wp\/v2\/product\/8446","targetHints":{"allow":["GET"]}}],"collection":[{"href":"https:\/\/www.atassrl.it\/es\/wp-json\/wp\/v2\/product"}],"about":[{"href":"https:\/\/www.atassrl.it\/es\/wp-json\/wp\/v2\/types\/product"}],"wp:featuredmedia":[{"embeddable":true,"href":"https:\/\/www.atassrl.it\/es\/wp-json\/wp\/v2\/media\/8452"}],"wp:attachment":[{"href":"https:\/\/www.atassrl.it\/es\/wp-json\/wp\/v2\/media?parent=8446"}],"wp:term":[{"taxonomy":"product_brand","embeddable":true,"href":"https:\/\/www.atassrl.it\/es\/wp-json\/wp\/v2\/product_brand?post=8446"},{"taxonomy":"product_cat","embeddable":true,"href":"https:\/\/www.atassrl.it\/es\/wp-json\/wp\/v2\/product_cat?post=8446"},{"taxonomy":"product_tag","embeddable":true,"href":"https:\/\/www.atassrl.it\/es\/wp-json\/wp\/v2\/product_tag?post=8446"}],"curies":[{"name":"wp","href":"https:\/\/api.w.org\/{rel}","templated":true}]}}