{"id":8466,"date":"2022-06-22T15:46:22","date_gmt":"2022-06-22T13:46:22","guid":{"rendered":"https:\/\/www.atassrl.it\/?post_type=product&#038;p=8466"},"modified":"2022-07-04T13:57:20","modified_gmt":"2022-07-04T11:57:20","slug":"galar-silicone","status":"publish","type":"product","link":"https:\/\/www.atassrl.it\/es\/prodotto\/galar-silicone\/","title":{"rendered":"GALAR SILICONE"},"content":{"rendered":"<div class=\"page\" title=\"Page 37\">\n<div class=\"section\">\n<div class=\"layoutArea\">\n<div class=\"column\">\n<p>Grasa a base de silicona, de uso extremadamente vers\u00e1til gracias a sus caracter\u00edsticas. Permite un trabajo preciso y limpio ya que no gotea. Resiste la humedad y la condensaci\u00f3n, siendo repelente al agua, es muy utilizado en el sector de la fontaner\u00eda como lubricante para grifos, v\u00e1lvulas y superficies deslizantes. Particularmente seguro e inerte, tiene un alto \u00edndice de viscosidad, por lo que reduce significativamente la fricci\u00f3n, excelente resistencia a las altas temperaturas. Reduce el ruido.<\/p>\n<\/div>\n<\/div>\n<\/div>\n<\/div>\n","protected":false},"excerpt":{"rendered":"<div class=\"page\" title=\"Page 37\">\n<div class=\"section\">\n<div class=\"layoutArea\">\n<div class=\"column\">\n<p>GRASA LUBRICANTE DE SILICON<\/p>\n<\/div>\n<\/div>\n<\/div>\n<\/div>\n","protected":false},"featured_media":8472,"template":"","meta":{"_acf_changed":false,"_seopress_robots_primary_cat":"","_seopress_titles_title":"","_seopress_titles_desc":"","_seopress_robots_index":"","_seopress_analysis_target_kw":""},"product_brand":[],"product_cat":[186,209],"product_tag":[],"class_list":{"0":"post-8466","1":"product","2":"type-product","3":"status-publish","4":"has-post-thumbnail","6":"product_cat-linea-atascar-es","7":"product_cat-productos-lubricantes","9":"first","10":"outofstock","11":"shipping-taxable","12":"product-type-simple"},"acf":[],"_links":{"self":[{"href":"https:\/\/www.atassrl.it\/es\/wp-json\/wp\/v2\/product\/8466","targetHints":{"allow":["GET"]}}],"collection":[{"href":"https:\/\/www.atassrl.it\/es\/wp-json\/wp\/v2\/product"}],"about":[{"href":"https:\/\/www.atassrl.it\/es\/wp-json\/wp\/v2\/types\/product"}],"wp:featuredmedia":[{"embeddable":true,"href":"https:\/\/www.atassrl.it\/es\/wp-json\/wp\/v2\/media\/8472"}],"wp:attachment":[{"href":"https:\/\/www.atassrl.it\/es\/wp-json\/wp\/v2\/media?parent=8466"}],"wp:term":[{"taxonomy":"product_brand","embeddable":true,"href":"https:\/\/www.atassrl.it\/es\/wp-json\/wp\/v2\/product_brand?post=8466"},{"taxonomy":"product_cat","embeddable":true,"href":"https:\/\/www.atassrl.it\/es\/wp-json\/wp\/v2\/product_cat?post=8466"},{"taxonomy":"product_tag","embeddable":true,"href":"https:\/\/www.atassrl.it\/es\/wp-json\/wp\/v2\/product_tag?post=8466"}],"curies":[{"name":"wp","href":"https:\/\/api.w.org\/{rel}","templated":true}]}}