{"id":8476,"date":"2022-06-22T15:53:54","date_gmt":"2022-06-22T13:53:54","guid":{"rendered":"https:\/\/www.atassrl.it\/?post_type=product&#038;p=8476"},"modified":"2022-08-03T12:14:09","modified_gmt":"2022-08-03T10:14:09","slug":"ad-blue","status":"publish","type":"product","link":"https:\/\/www.atassrl.it\/es\/prodotto\/ad-blue\/","title":{"rendered":"Ad Blue\u00ae"},"content":{"rendered":"<div class=\"page\" title=\"Page 46\">\n<div class=\"layoutArea\">\n<div class=\"column\">\n<p style=\"font-weight: 400;\">Ad Blue \u00ae es una mezcla de urea t\u00e9cnicamente pura y agua desmineralizada. La soluci\u00f3n de urea al 32,5 % no es t\u00f3xica, es incolora y tiene un ligero olor a amon\u00edaco, segura para el medio ambiente. Cumple con las normas AUS 32 ISO 22241 y se utiliza en camiones y turismos modernos, as\u00ed como en autobuses equipados con tecnolog\u00eda SCR (6 euros). La reducci\u00f3n de las emisiones de \u00f3xido de nitr\u00f3geno tambi\u00e9n se aplica a los denominados &#8216;Diesel Off Road&#8217;, es decir, tractores agr\u00edcolas, embarcaciones fluviales y mar\u00edtimas y locomotoras de ferrocarril.<\/p>\n<\/div>\n<\/div>\n<\/div>\n","protected":false},"excerpt":{"rendered":"<div class=\"page\" title=\"Page 46\">\n<div class=\"layoutArea\">\n<div class=\"column\">\n<div><span lang=\"ES\">ADITIVO PARA MOTORES DIESEL EURO 6<\/span><\/div>\n<\/div>\n<\/div>\n<\/div>\n","protected":false},"featured_media":8482,"template":"","meta":{"_acf_changed":false,"_seopress_robots_primary_cat":"","_seopress_titles_title":"","_seopress_titles_desc":"","_seopress_robots_index":"","_seopress_analysis_target_kw":""},"product_brand":[],"product_cat":[782,186,273,379],"product_tag":[896],"class_list":{"0":"post-8476","1":"product","2":"type-product","3":"status-publish","4":"has-post-thumbnail","6":"product_cat-limpiadores-exteriores","7":"product_cat-linea-atascar-es","8":"product_cat-linea-atasdet-es","9":"product_cat-usos-especlficos","10":"product_tag-lavado","12":"first","13":"instock","14":"shipping-taxable","15":"product-type-variable"},"acf":[],"_links":{"self":[{"href":"https:\/\/www.atassrl.it\/es\/wp-json\/wp\/v2\/product\/8476","targetHints":{"allow":["GET"]}}],"collection":[{"href":"https:\/\/www.atassrl.it\/es\/wp-json\/wp\/v2\/product"}],"about":[{"href":"https:\/\/www.atassrl.it\/es\/wp-json\/wp\/v2\/types\/product"}],"wp:featuredmedia":[{"embeddable":true,"href":"https:\/\/www.atassrl.it\/es\/wp-json\/wp\/v2\/media\/8482"}],"wp:attachment":[{"href":"https:\/\/www.atassrl.it\/es\/wp-json\/wp\/v2\/media?parent=8476"}],"wp:term":[{"taxonomy":"product_brand","embeddable":true,"href":"https:\/\/www.atassrl.it\/es\/wp-json\/wp\/v2\/product_brand?post=8476"},{"taxonomy":"product_cat","embeddable":true,"href":"https:\/\/www.atassrl.it\/es\/wp-json\/wp\/v2\/product_cat?post=8476"},{"taxonomy":"product_tag","embeddable":true,"href":"https:\/\/www.atassrl.it\/es\/wp-json\/wp\/v2\/product_tag?post=8476"}],"curies":[{"name":"wp","href":"https:\/\/api.w.org\/{rel}","templated":true}]}}