{"id":8502,"date":"2022-06-22T16:31:46","date_gmt":"2022-06-22T14:31:46","guid":{"rendered":"https:\/\/www.atassrl.it\/?post_type=product&#038;p=8502"},"modified":"2022-07-04T16:58:56","modified_gmt":"2022-07-04T14:58:56","slug":"additivo-per-adblue","status":"publish","type":"product","link":"https:\/\/www.atassrl.it\/es\/prodotto\/additivo-per-adblue\/","title":{"rendered":"ADDITIVO PER ADBLUE"},"content":{"rendered":"<div class=\"page\" title=\"Page 46\">\n<div class=\"layoutArea\">\n<div class=\"column\">\n<p style=\"font-weight: 400;\">Optimiza la atomizaci\u00f3n del inyector y evita la formaci\u00f3n de incrustaciones. Acelera la conversi\u00f3n de urea en amon\u00edaco. Permite una inyecci\u00f3n m\u00e1s fina de la soluci\u00f3n a base de urea al reducir la tensi\u00f3n en la superficie. Aumenta la eficiencia del catalizador SCR (reducci\u00f3n catal\u00edtica selectiva).<\/p>\n<\/div>\n<\/div>\n<\/div>\n","protected":false},"excerpt":{"rendered":"<div class=\"page\" title=\"Page 46\">\n<div class=\"layoutArea\">\n<div class=\"column\">\n<div><span lang=\"ES\">FLUIDO DE LIMPIEZA PARA SISTEMA DE INYECCION<\/span><\/div>\n<\/div>\n<\/div>\n<\/div>\n","protected":false},"featured_media":8520,"template":"","meta":{"_acf_changed":false,"_seopress_robots_primary_cat":"","_seopress_titles_title":"","_seopress_titles_desc":"","_seopress_robots_index":"","_seopress_analysis_target_kw":""},"product_brand":[],"product_cat":[186],"product_tag":[],"class_list":{"0":"post-8502","1":"product","2":"type-product","3":"status-publish","4":"has-post-thumbnail","6":"product_cat-linea-atascar-es","8":"first","9":"instock","10":"shipping-taxable","11":"product-type-variable"},"acf":[],"_links":{"self":[{"href":"https:\/\/www.atassrl.it\/es\/wp-json\/wp\/v2\/product\/8502","targetHints":{"allow":["GET"]}}],"collection":[{"href":"https:\/\/www.atassrl.it\/es\/wp-json\/wp\/v2\/product"}],"about":[{"href":"https:\/\/www.atassrl.it\/es\/wp-json\/wp\/v2\/types\/product"}],"wp:featuredmedia":[{"embeddable":true,"href":"https:\/\/www.atassrl.it\/es\/wp-json\/wp\/v2\/media\/8520"}],"wp:attachment":[{"href":"https:\/\/www.atassrl.it\/es\/wp-json\/wp\/v2\/media?parent=8502"}],"wp:term":[{"taxonomy":"product_brand","embeddable":true,"href":"https:\/\/www.atassrl.it\/es\/wp-json\/wp\/v2\/product_brand?post=8502"},{"taxonomy":"product_cat","embeddable":true,"href":"https:\/\/www.atassrl.it\/es\/wp-json\/wp\/v2\/product_cat?post=8502"},{"taxonomy":"product_tag","embeddable":true,"href":"https:\/\/www.atassrl.it\/es\/wp-json\/wp\/v2\/product_tag?post=8502"}],"curies":[{"name":"wp","href":"https:\/\/api.w.org\/{rel}","templated":true}]}}