{"id":8615,"date":"2022-06-22T17:45:02","date_gmt":"2022-06-22T15:45:02","guid":{"rendered":"https:\/\/www.atassrl.it\/?post_type=product&#038;p=8615"},"modified":"2022-07-15T11:01:17","modified_gmt":"2022-07-15T09:01:17","slug":"tecnoclim-rw-plus","status":"publish","type":"product","link":"https:\/\/www.atassrl.it\/es\/prodotto\/tecnoclim-rw-plus\/","title":{"rendered":"TECNOCLIM RW PLUS"},"content":{"rendered":"<div class=\"page\" title=\"Page 27\">\n<div class=\"section\">\n<div class=\"layoutArea\">\n<div class=\"column\">\n<p>Producto de alta calidad a base de monoetilenglicol con la adici\u00f3n de un paquete especial de inhibidores organocarboxilados. Garantiza la m\u00e1xima protecci\u00f3n contra la corrosi\u00f3n de todos los componentes del circuito de refrigeraci\u00f3n de los veh\u00edculos de \u00faltima generaci\u00f3n caracterizados tanto por temperaturas de funcionamiento m\u00e1s altas como por una mayor presencia de componentes de aleaci\u00f3n ligera (especialmente aleaciones de aluminio y magnesio). Garantiza una mayor vida \u00fatil (hasta 250.000 km de kilometraje o 5 a\u00f1os de permanencia en el circuito frigor\u00edfico). Reduce la formaci\u00f3n de dep\u00f3sitos de piedra caliza, mejora el intercambio de calor. Se puede utilizar en todas las estaciones. No contiene aminas, nitritos, nitratos, fosfatos. Diluido al 50% en volumen, protege hasta -38\u00b0C. Cumple o supera las especificaciones de suministro de muchos fabricantes, incluidos: Volkswagen, Audi, Seat, Skoda (TL 774 G), Mercedes (MB325.3), Ford ESE M97B49-A), Renault (41-01-001), Crysler (MS9176) ), Volvo (REG. N\u00b0 260), Opel (GM QL 130100).<\/p>\n<\/div>\n<\/div>\n<\/div>\n<\/div>\n","protected":false},"excerpt":{"rendered":"<div class=\"page\" title=\"Page 27\">\n<div class=\"section\">\n<div class=\"layoutArea\">\n<div class=\"column\">\n<p>L\u00cdQUIDO ANTICONGELANTE PARA RADIADORES G12+<\/p>\n<\/div>\n<\/div>\n<\/div>\n<\/div>\n","protected":false},"featured_media":0,"template":"","meta":{"_acf_changed":false,"_seopress_robots_primary_cat":"","_seopress_titles_title":"","_seopress_titles_desc":"","_seopress_robots_index":"","_seopress_analysis_target_kw":""},"product_brand":[],"product_cat":[186],"product_tag":[],"class_list":{"0":"post-8615","1":"product","2":"type-product","3":"status-publish","5":"product_cat-linea-atascar-es","7":"first","8":"instock","9":"shipping-taxable","10":"product-type-simple"},"acf":[],"_links":{"self":[{"href":"https:\/\/www.atassrl.it\/es\/wp-json\/wp\/v2\/product\/8615","targetHints":{"allow":["GET"]}}],"collection":[{"href":"https:\/\/www.atassrl.it\/es\/wp-json\/wp\/v2\/product"}],"about":[{"href":"https:\/\/www.atassrl.it\/es\/wp-json\/wp\/v2\/types\/product"}],"wp:attachment":[{"href":"https:\/\/www.atassrl.it\/es\/wp-json\/wp\/v2\/media?parent=8615"}],"wp:term":[{"taxonomy":"product_brand","embeddable":true,"href":"https:\/\/www.atassrl.it\/es\/wp-json\/wp\/v2\/product_brand?post=8615"},{"taxonomy":"product_cat","embeddable":true,"href":"https:\/\/www.atassrl.it\/es\/wp-json\/wp\/v2\/product_cat?post=8615"},{"taxonomy":"product_tag","embeddable":true,"href":"https:\/\/www.atassrl.it\/es\/wp-json\/wp\/v2\/product_tag?post=8615"}],"curies":[{"name":"wp","href":"https:\/\/api.w.org\/{rel}","templated":true}]}}