{"id":8799,"date":"2022-06-23T11:17:22","date_gmt":"2022-06-23T09:17:22","guid":{"rendered":"https:\/\/www.atassrl.it\/?post_type=product&#038;p=8799"},"modified":"2022-07-06T14:47:32","modified_gmt":"2022-07-06T12:47:32","slug":"galar-copia-copia-copia-copia-copia","status":"publish","type":"product","link":"https:\/\/www.atassrl.it\/es\/prodotto\/galar-copia-copia-copia-copia-copia\/","title":{"rendered":"GALAR (Copia) (Copia) (Copia) (Copia) (Copia)"},"content":{"rendered":"<div class=\"page\" title=\"Page 37\">\n<div class=\"section\">\n<div class=\"layoutArea\">\n<div class=\"column\">\n<p style=\"font-weight: 400;\">Con un alto contenido en zinc, protege los metales de la oxidaci\u00f3n y de los agentes atmosf\u00e9ricos, \u00fatil tambi\u00e9n para retocar superficies ya galvanizadas. Recomendado para recubrir soldaduras y almacenar artefactos tambi\u00e9n compuestos por diferentes materiales. Se puede utilizar como imprimaci\u00f3n antes de pintar. Con alta protecci\u00f3n galv\u00e1nica, seca r\u00e1pidamente y resiste altas temperaturas.<\/p>\n<\/div>\n<\/div>\n<\/div>\n<\/div>\n","protected":false},"excerpt":{"rendered":"<div class=\"page\" title=\"Page 37\">\n<div class=\"section\">\n<div class=\"layoutArea\">\n<div class=\"column\">\n<p style=\"font-weight: 400;\">AGENTE PROTECTOR GALVANIZANTE<\/p>\n<\/div>\n<\/div>\n<\/div>\n<\/div>\n","protected":false},"featured_media":8785,"template":"","meta":{"_acf_changed":false,"_seopress_robots_primary_cat":"","_seopress_titles_title":"","_seopress_titles_desc":"","_seopress_robots_index":"","_seopress_analysis_target_kw":""},"product_brand":[],"product_cat":[186],"product_tag":[],"class_list":{"0":"post-8799","1":"product","2":"type-product","3":"status-publish","4":"has-post-thumbnail","6":"product_cat-linea-atascar-es","8":"first","9":"outofstock","10":"shipping-taxable","11":"product-type-simple"},"acf":[],"_links":{"self":[{"href":"https:\/\/www.atassrl.it\/es\/wp-json\/wp\/v2\/product\/8799","targetHints":{"allow":["GET"]}}],"collection":[{"href":"https:\/\/www.atassrl.it\/es\/wp-json\/wp\/v2\/product"}],"about":[{"href":"https:\/\/www.atassrl.it\/es\/wp-json\/wp\/v2\/types\/product"}],"wp:featuredmedia":[{"embeddable":true,"href":"https:\/\/www.atassrl.it\/es\/wp-json\/wp\/v2\/media\/8785"}],"wp:attachment":[{"href":"https:\/\/www.atassrl.it\/es\/wp-json\/wp\/v2\/media?parent=8799"}],"wp:term":[{"taxonomy":"product_brand","embeddable":true,"href":"https:\/\/www.atassrl.it\/es\/wp-json\/wp\/v2\/product_brand?post=8799"},{"taxonomy":"product_cat","embeddable":true,"href":"https:\/\/www.atassrl.it\/es\/wp-json\/wp\/v2\/product_cat?post=8799"},{"taxonomy":"product_tag","embeddable":true,"href":"https:\/\/www.atassrl.it\/es\/wp-json\/wp\/v2\/product_tag?post=8799"}],"curies":[{"name":"wp","href":"https:\/\/api.w.org\/{rel}","templated":true}]}}