{"id":8958,"date":"2022-06-23T16:13:43","date_gmt":"2022-06-23T14:13:43","guid":{"rendered":"https:\/\/www.atassrl.it\/?post_type=product&#038;p=8958"},"modified":"2022-07-15T11:04:34","modified_gmt":"2022-07-15T09:04:34","slug":"nil-copia","status":"publish","type":"product","link":"https:\/\/www.atassrl.it\/es\/prodotto\/nil-copia\/","title":{"rendered":"NIL (Copia)"},"content":{"rendered":"<div class=\"page\" title=\"Page 44\">\n<div class=\"layoutArea\">\n<div class=\"column\">\n<p>Agradablemente perfumado, elimina f\u00e1cilmente la suciedad dejando la piel suave. Est\u00e1 formulado con Ph epid\u00e9rmico. Es adecuado para escuelas, restaurantes, hoteles, bares, para insertar en el dispensador especial. (f\u00f3rmula presentada ante el Ministerio de Salud P\u00fablica).<\/p>\n<\/div>\n<\/div>\n<\/div>\n","protected":false},"excerpt":{"rendered":"<div class=\"page\" title=\"Page 44\">\n<div class=\"layoutArea\">\n<div class=\"column\">\n<p>LAVAMANOS L\u00cdQUIDO<\/p>\n<\/div>\n<\/div>\n<\/div>\n","protected":false},"featured_media":8939,"template":"","meta":{"_acf_changed":false,"_seopress_robots_primary_cat":"","_seopress_titles_title":"","_seopress_titles_desc":"","_seopress_robots_index":"","_seopress_analysis_target_kw":""},"product_brand":[],"product_cat":[186,205],"product_tag":[],"class_list":{"0":"post-8958","1":"product","2":"type-product","3":"status-publish","4":"has-post-thumbnail","6":"product_cat-linea-atascar-es","7":"product_cat-productos-limpiadores-para-manos","9":"first","10":"instock","11":"shipping-taxable","12":"product-type-simple"},"acf":[],"_links":{"self":[{"href":"https:\/\/www.atassrl.it\/es\/wp-json\/wp\/v2\/product\/8958","targetHints":{"allow":["GET"]}}],"collection":[{"href":"https:\/\/www.atassrl.it\/es\/wp-json\/wp\/v2\/product"}],"about":[{"href":"https:\/\/www.atassrl.it\/es\/wp-json\/wp\/v2\/types\/product"}],"wp:featuredmedia":[{"embeddable":true,"href":"https:\/\/www.atassrl.it\/es\/wp-json\/wp\/v2\/media\/8939"}],"wp:attachment":[{"href":"https:\/\/www.atassrl.it\/es\/wp-json\/wp\/v2\/media?parent=8958"}],"wp:term":[{"taxonomy":"product_brand","embeddable":true,"href":"https:\/\/www.atassrl.it\/es\/wp-json\/wp\/v2\/product_brand?post=8958"},{"taxonomy":"product_cat","embeddable":true,"href":"https:\/\/www.atassrl.it\/es\/wp-json\/wp\/v2\/product_cat?post=8958"},{"taxonomy":"product_tag","embeddable":true,"href":"https:\/\/www.atassrl.it\/es\/wp-json\/wp\/v2\/product_tag?post=8958"}],"curies":[{"name":"wp","href":"https:\/\/api.w.org\/{rel}","templated":true}]}}