{"id":9006,"date":"2022-06-21T17:30:46","date_gmt":"2022-06-21T15:30:46","guid":{"rendered":"https:\/\/www.atassrl.it\/prodotto\/solux\/"},"modified":"2022-06-21T17:30:46","modified_gmt":"2022-06-21T15:30:46","slug":"solux","status":"publish","type":"product","link":"https:\/\/www.atassrl.it\/es\/prodotto\/solux\/","title":{"rendered":"SOLUX"},"content":{"rendered":"<p style=\"font-weight: 400;\">Nuevo producto rico en pol\u00edmeros capaz de dar brillo y protecci\u00f3n a cualquier parte del carenado o pl\u00e1stico de la moto. Su f\u00f3rmula libre de disolventes y abrasivos, adem\u00e1s de ser totalmente segura, crea una pel\u00edcula hidr\u00f3fuga capaz de dificultar la deposici\u00f3n de suciedad, simplificando la operaci\u00f3n de lavado.<\/p>\n","protected":false},"excerpt":{"rendered":"<p style=\"font-weight: 400;\">CERA PULIDORA PARA CARENADOS DE MOTOS<\/p>\n","protected":false},"featured_media":9011,"template":"","meta":{"_acf_changed":false,"_seopress_robots_primary_cat":"","_seopress_titles_title":"","_seopress_titles_desc":"","_seopress_robots_index":"","_seopress_analysis_target_kw":""},"product_brand":[],"product_cat":[186,219],"product_tag":[868],"class_list":{"0":"post-9006","1":"product","2":"type-product","3":"status-publish","4":"has-post-thumbnail","6":"product_cat-linea-atascar-es","7":"product_cat-motocicletas-y-bicicletas","8":"product_tag-descontaminantes-es","10":"first","11":"instock","12":"shipping-taxable","13":"product-type-simple"},"acf":[],"_links":{"self":[{"href":"https:\/\/www.atassrl.it\/es\/wp-json\/wp\/v2\/product\/9006","targetHints":{"allow":["GET"]}}],"collection":[{"href":"https:\/\/www.atassrl.it\/es\/wp-json\/wp\/v2\/product"}],"about":[{"href":"https:\/\/www.atassrl.it\/es\/wp-json\/wp\/v2\/types\/product"}],"wp:featuredmedia":[{"embeddable":true,"href":"https:\/\/www.atassrl.it\/es\/wp-json\/wp\/v2\/media\/9011"}],"wp:attachment":[{"href":"https:\/\/www.atassrl.it\/es\/wp-json\/wp\/v2\/media?parent=9006"}],"wp:term":[{"taxonomy":"product_brand","embeddable":true,"href":"https:\/\/www.atassrl.it\/es\/wp-json\/wp\/v2\/product_brand?post=9006"},{"taxonomy":"product_cat","embeddable":true,"href":"https:\/\/www.atassrl.it\/es\/wp-json\/wp\/v2\/product_cat?post=9006"},{"taxonomy":"product_tag","embeddable":true,"href":"https:\/\/www.atassrl.it\/es\/wp-json\/wp\/v2\/product_tag?post=9006"}],"curies":[{"name":"wp","href":"https:\/\/api.w.org\/{rel}","templated":true}]}}