{"id":9016,"date":"2020-05-14T15:30:05","date_gmt":"2020-05-14T13:30:05","guid":{"rendered":"https:\/\/www.atassrl.it\/prodotto\/ig-20\/"},"modified":"2020-05-14T15:30:05","modified_gmt":"2020-05-14T13:30:05","slug":"ig-20","status":"publish","type":"product","link":"https:\/\/www.atassrl.it\/es\/prodotto\/ig-20\/","title":{"rendered":"IG 20"},"content":{"rendered":"<p style=\"font-weight: 400;\">Soluci\u00f3n hidroalcoh\u00f3lica con alcohol et\u00edlico al 75%. Su f\u00f3rmula enriquecida con amonio cuaternario est\u00e1 espec\u00edficamente desarrollada para higienizar el interior de cualquier veh\u00edculo. Tambi\u00e9n eficaz en la eliminaci\u00f3n de olores desagradables.<\/p>\n","protected":false},"excerpt":{"rendered":"<div><span lang=\"ES\">HIGIENIZANTE PARA INTERIORES DE COCHES<\/span><\/div>\n","protected":false},"featured_media":8835,"template":"","meta":{"_acf_changed":false,"_seopress_robots_primary_cat":"","_seopress_titles_title":"","_seopress_titles_desc":"","_seopress_robots_index":"","_seopress_analysis_target_kw":""},"product_brand":[],"product_cat":[186],"product_tag":[],"class_list":{"0":"post-9016","1":"product","2":"type-product","3":"status-publish","4":"has-post-thumbnail","6":"product_cat-linea-atascar-es","8":"first","9":"instock","10":"shipping-taxable","11":"product-type-simple"},"acf":[],"_links":{"self":[{"href":"https:\/\/www.atassrl.it\/es\/wp-json\/wp\/v2\/product\/9016","targetHints":{"allow":["GET"]}}],"collection":[{"href":"https:\/\/www.atassrl.it\/es\/wp-json\/wp\/v2\/product"}],"about":[{"href":"https:\/\/www.atassrl.it\/es\/wp-json\/wp\/v2\/types\/product"}],"wp:featuredmedia":[{"embeddable":true,"href":"https:\/\/www.atassrl.it\/es\/wp-json\/wp\/v2\/media\/8835"}],"wp:attachment":[{"href":"https:\/\/www.atassrl.it\/es\/wp-json\/wp\/v2\/media?parent=9016"}],"wp:term":[{"taxonomy":"product_brand","embeddable":true,"href":"https:\/\/www.atassrl.it\/es\/wp-json\/wp\/v2\/product_brand?post=9016"},{"taxonomy":"product_cat","embeddable":true,"href":"https:\/\/www.atassrl.it\/es\/wp-json\/wp\/v2\/product_cat?post=9016"},{"taxonomy":"product_tag","embeddable":true,"href":"https:\/\/www.atassrl.it\/es\/wp-json\/wp\/v2\/product_tag?post=9016"}],"curies":[{"name":"wp","href":"https:\/\/api.w.org\/{rel}","templated":true}]}}