{"id":9022,"date":"2022-06-23T14:38:15","date_gmt":"2022-06-23T12:38:15","guid":{"rendered":"https:\/\/www.atassrl.it\/prodotto\/genicod\/"},"modified":"2022-07-06T16:40:25","modified_gmt":"2022-07-06T14:40:25","slug":"genicod","status":"publish","type":"product","link":"https:\/\/www.atassrl.it\/es\/prodotto\/genicod\/","title":{"rendered":"GENICOD"},"content":{"rendered":"<p style=\"font-weight: 400;\">Higienizante a base de alcohol et\u00edlico al 80%, por lo tanto apto para contener el COVID-19. Ideal para el tratamiento de manillas de puertas y ventanas, interiores de autom\u00f3viles y accesorios de trabajo, es adecuado para el tratamiento de locales dom\u00e9sticos u oficinas, as\u00ed como de grandes entornos como industrias mec\u00e1nicas y alimentarias.<\/p>\n","protected":false},"excerpt":{"rendered":"<p style=\"font-weight: 400;\">HIGIENIZANTE PARA AMBIENTES, HOGAR Y LUGAR DE TRABAJO<\/p>\n","protected":false},"featured_media":9617,"template":"","meta":{"_acf_changed":false,"_seopress_robots_primary_cat":"","_seopress_titles_title":"","_seopress_titles_desc":"","_seopress_robots_index":"","_seopress_analysis_target_kw":""},"product_brand":[],"product_cat":[796,186],"product_tag":[884,892],"class_list":{"0":"post-9022","1":"product","2":"type-product","3":"status-publish","4":"has-post-thumbnail","6":"product_cat-higienizante","7":"product_cat-linea-atascar-es","8":"product_tag-covid-19-es","9":"product_tag-higienizante-es","11":"first","12":"instock","13":"shipping-taxable","14":"product-type-variable"},"acf":[],"_links":{"self":[{"href":"https:\/\/www.atassrl.it\/es\/wp-json\/wp\/v2\/product\/9022","targetHints":{"allow":["GET"]}}],"collection":[{"href":"https:\/\/www.atassrl.it\/es\/wp-json\/wp\/v2\/product"}],"about":[{"href":"https:\/\/www.atassrl.it\/es\/wp-json\/wp\/v2\/types\/product"}],"wp:featuredmedia":[{"embeddable":true,"href":"https:\/\/www.atassrl.it\/es\/wp-json\/wp\/v2\/media\/9617"}],"wp:attachment":[{"href":"https:\/\/www.atassrl.it\/es\/wp-json\/wp\/v2\/media?parent=9022"}],"wp:term":[{"taxonomy":"product_brand","embeddable":true,"href":"https:\/\/www.atassrl.it\/es\/wp-json\/wp\/v2\/product_brand?post=9022"},{"taxonomy":"product_cat","embeddable":true,"href":"https:\/\/www.atassrl.it\/es\/wp-json\/wp\/v2\/product_cat?post=9022"},{"taxonomy":"product_tag","embeddable":true,"href":"https:\/\/www.atassrl.it\/es\/wp-json\/wp\/v2\/product_tag?post=9022"}],"curies":[{"name":"wp","href":"https:\/\/api.w.org\/{rel}","templated":true}]}}