{"id":9026,"date":"2020-06-11T17:17:14","date_gmt":"2020-06-11T15:17:14","guid":{"rendered":"https:\/\/www.atassrl.it\/prodotto\/oxycar-2\/"},"modified":"2022-07-14T17:35:35","modified_gmt":"2022-07-14T15:35:35","slug":"oxycar-2","status":"publish","type":"product","link":"https:\/\/www.atassrl.it\/es\/prodotto\/oxycar-2\/","title":{"rendered":"OXYCAR"},"content":{"rendered":"<p>Producto especial de pH balanceado libre de \u00e1cidos y \u00e1lcalis indicado para la disoluci\u00f3n profunda de \u00f3xidos ferrosos y residuos que hayan contaminado pintura, llantas de aluminio y aleaciones y lunas de autom\u00f3viles. Particularmente indicado para restaurar el aspecto original de los veh\u00edculos que han estado estacionados durante mucho tiempo en las inmediaciones de fundiciones y talleres ferroviarios, tambi\u00e9n es un pretratamiento v\u00e1lido para las operaciones de pulido. R\u00e1pido y seguro, no altera las piezas de goma o pl\u00e1stico.<\/p>\n","protected":false},"excerpt":{"rendered":"<p>AGENTE DESCONTAMINANTE PARA LLANTAS Y PINTURAS<\/p>\n","protected":false},"featured_media":9101,"template":"","meta":{"_acf_changed":false,"_seopress_robots_primary_cat":"","_seopress_titles_title":"","_seopress_titles_desc":"","_seopress_robots_index":"","_seopress_analysis_target_kw":""},"product_brand":[],"product_cat":[186,788],"product_tag":[868],"class_list":{"0":"post-9026","1":"product","2":"type-product","3":"status-publish","4":"has-post-thumbnail","6":"product_cat-linea-atascar-es","7":"product_cat-neumaticos-y-llantas","8":"product_tag-descontaminantes-es","10":"first","11":"instock","12":"shipping-taxable","13":"product-type-simple"},"acf":[],"_links":{"self":[{"href":"https:\/\/www.atassrl.it\/es\/wp-json\/wp\/v2\/product\/9026","targetHints":{"allow":["GET"]}}],"collection":[{"href":"https:\/\/www.atassrl.it\/es\/wp-json\/wp\/v2\/product"}],"about":[{"href":"https:\/\/www.atassrl.it\/es\/wp-json\/wp\/v2\/types\/product"}],"wp:featuredmedia":[{"embeddable":true,"href":"https:\/\/www.atassrl.it\/es\/wp-json\/wp\/v2\/media\/9101"}],"wp:attachment":[{"href":"https:\/\/www.atassrl.it\/es\/wp-json\/wp\/v2\/media?parent=9026"}],"wp:term":[{"taxonomy":"product_brand","embeddable":true,"href":"https:\/\/www.atassrl.it\/es\/wp-json\/wp\/v2\/product_brand?post=9026"},{"taxonomy":"product_cat","embeddable":true,"href":"https:\/\/www.atassrl.it\/es\/wp-json\/wp\/v2\/product_cat?post=9026"},{"taxonomy":"product_tag","embeddable":true,"href":"https:\/\/www.atassrl.it\/es\/wp-json\/wp\/v2\/product_tag?post=9026"}],"curies":[{"name":"wp","href":"https:\/\/api.w.org\/{rel}","templated":true}]}}