{"id":9078,"date":"2022-07-20T16:11:02","date_gmt":"2022-07-20T14:11:02","guid":{"rendered":"https:\/\/www.atassrl.it\/?post_type=product&#038;p=9078"},"modified":"2022-07-27T18:14:41","modified_gmt":"2022-07-27T16:14:41","slug":"descar-s-prf-copia","status":"publish","type":"product","link":"https:\/\/www.atassrl.it\/es\/prodotto\/descar-s-prf-copia\/","title":{"rendered":"ECOVAL 21"},"content":{"rendered":"<div class=\"page\" title=\"Page 9\">\n<div class=\"layoutArea\">\n<div class=\"column\">\n<p style=\"font-weight: 400;\">Detergente alcalino monocomponente concentrado de altas prestaciones, indicado para el lavado de veh\u00edculos. R\u00e1pido y eficaz sobre cualquier tipo de suciedad, no deja residuos y no altera las superficies tratadas. Tambi\u00e9n se puede utilizar para operaciones de desengrasado en equipos mec\u00e1nicos. Excelente relaci\u00f3n calidad-precio.<\/p>\n<\/div>\n<\/div>\n<\/div>\n","protected":false},"excerpt":{"rendered":"<div class=\"page\" title=\"Page 9\">\n<div class=\"layoutArea\">\n<div class=\"column\">\n<div><span lang=\"ES\">DETERGENTE PRELAVADO<\/span><\/div>\n<\/div>\n<\/div>\n<\/div>\n","protected":false},"featured_media":9432,"template":"","meta":{"_acf_changed":false,"_seopress_robots_primary_cat":"","_seopress_titles_title":"","_seopress_titles_desc":"","_seopress_robots_index":"","_seopress_analysis_target_kw":""},"product_brand":[],"product_cat":[356],"product_tag":[],"class_list":{"0":"post-9078","1":"product","2":"type-product","3":"status-publish","4":"has-post-thumbnail","6":"product_cat-prelavados-de-mediana-potencia","8":"first","9":"instock","10":"shipping-taxable","11":"product-type-variable"},"acf":[],"_links":{"self":[{"href":"https:\/\/www.atassrl.it\/es\/wp-json\/wp\/v2\/product\/9078","targetHints":{"allow":["GET"]}}],"collection":[{"href":"https:\/\/www.atassrl.it\/es\/wp-json\/wp\/v2\/product"}],"about":[{"href":"https:\/\/www.atassrl.it\/es\/wp-json\/wp\/v2\/types\/product"}],"wp:featuredmedia":[{"embeddable":true,"href":"https:\/\/www.atassrl.it\/es\/wp-json\/wp\/v2\/media\/9432"}],"wp:attachment":[{"href":"https:\/\/www.atassrl.it\/es\/wp-json\/wp\/v2\/media?parent=9078"}],"wp:term":[{"taxonomy":"product_brand","embeddable":true,"href":"https:\/\/www.atassrl.it\/es\/wp-json\/wp\/v2\/product_brand?post=9078"},{"taxonomy":"product_cat","embeddable":true,"href":"https:\/\/www.atassrl.it\/es\/wp-json\/wp\/v2\/product_cat?post=9078"},{"taxonomy":"product_tag","embeddable":true,"href":"https:\/\/www.atassrl.it\/es\/wp-json\/wp\/v2\/product_tag?post=9078"}],"curies":[{"name":"wp","href":"https:\/\/api.w.org\/{rel}","templated":true}]}}