{"id":9149,"date":"2022-07-21T10:44:27","date_gmt":"2022-07-21T08:44:27","guid":{"rendered":"https:\/\/www.atassrl.it\/?post_type=product&#038;p=9149"},"modified":"2022-10-13T10:41:07","modified_gmt":"2022-10-13T08:41:07","slug":"mirac","status":"publish","type":"product","link":"https:\/\/www.atassrl.it\/es\/prodotto\/mirac\/","title":{"rendered":"MIRAC"},"content":{"rendered":"<div class=\"page\" title=\"Page 27\">\n<div class=\"section\">\n<div class=\"layoutArea\">\n<div class=\"column\">\n<p style=\"font-weight: 400;\">Detergente concentrado espec\u00edfico para sistemas de lavado autom\u00e1tico equipados con arco espumador y \u00abcascada\u00bb. Produce una espuma abundante, agradablemente perfumada, con alto poder de limpieza y particulares caracter\u00edsticas de pulido. Gracias a su peculiar formulaci\u00f3n con pH \u00e1cido, es un excelente coadyuvante de la acci\u00f3n secante de la cera, ya que neutraliza la alcalinidad residual del prelavado, preparando de la mejor manera posible la superficie del coche para la fase de encerado. Indicado tambi\u00e9n como champ\u00fa para brochas tanto de nylon como de carlite.<\/p>\n<\/div>\n<\/div>\n<\/div>\n<\/div>\n","protected":false},"excerpt":{"rendered":"<p>Detergente concentrado espec\u00edfico para sistemas de lavado autom\u00e1tico equipados con arco espumador y \u00abcascada\u00bb. Produce una espuma abundante, agradablemente perfumada, con alto poder de limpieza y particulares caracter\u00edsticas de pulido. Gracias a su peculiar formulaci\u00f3n con pH \u00e1cido, es un excelente coadyuvante de la acci\u00f3n secante de la cera, ya que neutraliza la alcalinidad residual&hellip;<\/p>\n","protected":false},"featured_media":9482,"template":"","meta":{"_acf_changed":false,"_seopress_robots_primary_cat":"","_seopress_titles_title":"","_seopress_titles_desc":"","_seopress_robots_index":"","_seopress_analysis_target_kw":""},"product_brand":[],"product_cat":[273,397],"product_tag":[],"class_list":{"0":"post-9149","1":"product","2":"type-product","3":"status-publish","4":"has-post-thumbnail","6":"product_cat-linea-atasdet-es","7":"product_cat-preceras-y-ceras","9":"first","10":"instock","11":"shipping-taxable","12":"product-type-variable"},"acf":[],"_links":{"self":[{"href":"https:\/\/www.atassrl.it\/es\/wp-json\/wp\/v2\/product\/9149","targetHints":{"allow":["GET"]}}],"collection":[{"href":"https:\/\/www.atassrl.it\/es\/wp-json\/wp\/v2\/product"}],"about":[{"href":"https:\/\/www.atassrl.it\/es\/wp-json\/wp\/v2\/types\/product"}],"wp:featuredmedia":[{"embeddable":true,"href":"https:\/\/www.atassrl.it\/es\/wp-json\/wp\/v2\/media\/9482"}],"wp:attachment":[{"href":"https:\/\/www.atassrl.it\/es\/wp-json\/wp\/v2\/media?parent=9149"}],"wp:term":[{"taxonomy":"product_brand","embeddable":true,"href":"https:\/\/www.atassrl.it\/es\/wp-json\/wp\/v2\/product_brand?post=9149"},{"taxonomy":"product_cat","embeddable":true,"href":"https:\/\/www.atassrl.it\/es\/wp-json\/wp\/v2\/product_cat?post=9149"},{"taxonomy":"product_tag","embeddable":true,"href":"https:\/\/www.atassrl.it\/es\/wp-json\/wp\/v2\/product_tag?post=9149"}],"curies":[{"name":"wp","href":"https:\/\/api.w.org\/{rel}","templated":true}]}}