{"id":9223,"date":"2022-07-21T11:38:03","date_gmt":"2022-07-21T09:38:03","guid":{"rendered":"https:\/\/www.atassrl.it\/?post_type=product&#038;p=9223"},"modified":"2022-08-02T10:10:01","modified_gmt":"2022-08-02T08:10:01","slug":"rinpel-2","status":"publish","type":"product","link":"https:\/\/www.atassrl.it\/es\/prodotto\/rinpel-2\/","title":{"rendered":"RINPEL"},"content":{"rendered":"<div class=\"page\" title=\"Page 43\">\n<div class=\"section\">\n<div class=\"layoutArea\">\n<div class=\"column\">\n<p style=\"font-weight: 400;\">Detergente perfumado con acci\u00f3n limpiadora y revitalizante del color para superficies de piel tanto natural como sint\u00e9tica. A base de preciosas ceras naturales y aceites emolientes, da brillo a las partes tratadas, dej\u00e1ndolas agradablemente suaves y protegidas. De efecto hidratante, previene la formaci\u00f3n de grietas. Adecuado para asientos e interiores de autom\u00f3viles, sillones y sof\u00e1s.<\/p>\n<\/div>\n<\/div>\n<\/div>\n<\/div>\n","protected":false},"excerpt":{"rendered":"<div class=\"page\" title=\"Page 43\">\n<div class=\"section\">\n<div class=\"layoutArea\">\n<div class=\"column\">\n<p>LIMPIADOR Y PULIDO DE PIEL<\/p>\n<\/div>\n<\/div>\n<\/div>\n<\/div>\n","protected":false},"featured_media":9607,"template":"","meta":{"_acf_changed":false,"_seopress_robots_primary_cat":"","_seopress_titles_title":"","_seopress_titles_desc":"","_seopress_robots_index":"","_seopress_analysis_target_kw":""},"product_brand":[],"product_cat":[328,273,842],"product_tag":[862],"class_list":{"0":"post-9223","1":"product","2":"type-product","3":"status-publish","4":"has-post-thumbnail","6":"product_cat-interiores-de-coches-es","7":"product_cat-linea-atasdet-es","8":"product_cat-productos-para-talleres-de-carroceria","9":"product_tag-cuidado-de-exteriores","11":"first","12":"instock","13":"shipping-taxable","14":"product-type-variable"},"acf":[],"_links":{"self":[{"href":"https:\/\/www.atassrl.it\/es\/wp-json\/wp\/v2\/product\/9223","targetHints":{"allow":["GET"]}}],"collection":[{"href":"https:\/\/www.atassrl.it\/es\/wp-json\/wp\/v2\/product"}],"about":[{"href":"https:\/\/www.atassrl.it\/es\/wp-json\/wp\/v2\/types\/product"}],"wp:featuredmedia":[{"embeddable":true,"href":"https:\/\/www.atassrl.it\/es\/wp-json\/wp\/v2\/media\/9607"}],"wp:attachment":[{"href":"https:\/\/www.atassrl.it\/es\/wp-json\/wp\/v2\/media?parent=9223"}],"wp:term":[{"taxonomy":"product_brand","embeddable":true,"href":"https:\/\/www.atassrl.it\/es\/wp-json\/wp\/v2\/product_brand?post=9223"},{"taxonomy":"product_cat","embeddable":true,"href":"https:\/\/www.atassrl.it\/es\/wp-json\/wp\/v2\/product_cat?post=9223"},{"taxonomy":"product_tag","embeddable":true,"href":"https:\/\/www.atassrl.it\/es\/wp-json\/wp\/v2\/product_tag?post=9223"}],"curies":[{"name":"wp","href":"https:\/\/api.w.org\/{rel}","templated":true}]}}