{"id":9282,"date":"2022-07-21T16:33:24","date_gmt":"2022-07-21T14:33:24","guid":{"rendered":"https:\/\/www.atassrl.it\/?post_type=product&#038;p=9282"},"modified":"2022-10-10T11:35:24","modified_gmt":"2022-10-10T09:35:24","slug":"tecnoclim-copia","status":"publish","type":"product","link":"https:\/\/www.atassrl.it\/es\/prodotto\/tecnoclim-copia\/","title":{"rendered":"TECNOCLIM RW PLUS"},"content":{"rendered":"<div class=\"page\" title=\"Page 60\">\n<div class=\"section\">\n<div class=\"layoutArea\">\n<div class=\"column\">\n<p style=\"font-weight: 400;\">Producto de alta calidad a base de monoetilenglicol con la adici\u00f3n de un paquete inhibidor especial a base de carboxilato de \u00f3rganos. Garantiza la m\u00e1xima protecci\u00f3n contra la corrosi\u00f3n de todos los componentes del circuito de refrigeraci\u00f3n de los veh\u00edculos de \u00faltima generaci\u00f3n caracterizados tanto por temperaturas de funcionamiento m\u00e1s altas como por una mayor presencia de componentes de aleaci\u00f3n ligera (especialmente aleaciones de aluminio y magnesio). Asegura un excelente rendimiento hasta 250.000 km de kilometraje o 5 a\u00f1os de permanencia en el circuito de refrigeraci\u00f3n. Reduce la formaci\u00f3n de dep\u00f3sitos calc\u00e1reos y mejora el intercambio de calor. Se puede utilizar en todas las estaciones. No contiene aminas, nitritos, nitratos, fosfatos. Diluido al 50% en volumen, protege hasta -38\u00b0C.<\/p>\n<p style=\"font-weight: 400;\">Cumple o supera las especificaciones de suministro de muchos fabricantes, incluidos: Volkswagen, Audi, Seat, Skoda (TL 774 G), Mercedes (MB325.3), Ford ESE M97B49-A), Renault (41-01-001), Crysler ( MS9176), Volvo (REG.N\u00b0 260), Opel (GM QL 130100).<\/p>\n<\/div>\n<\/div>\n<\/div>\n<\/div>\n","protected":false},"excerpt":{"rendered":"<div class=\"page\" title=\"Page 60\">\n<div class=\"section\">\n<div class=\"layoutArea\">\n<div class=\"column\">\n<p style=\"font-weight: 400;\">LIQUIDO ANTICONGELANTE PARA RADIADORES<\/p>\n<\/div>\n<\/div>\n<\/div>\n<\/div>\n","protected":false},"featured_media":9571,"template":"","meta":{"_acf_changed":false,"_seopress_robots_primary_cat":"","_seopress_titles_title":"","_seopress_titles_desc":"","_seopress_robots_index":"","_seopress_analysis_target_kw":""},"product_brand":[],"product_cat":[273,344],"product_tag":[],"class_list":{"0":"post-9282","1":"product","2":"type-product","3":"status-publish","4":"has-post-thumbnail","6":"product_cat-linea-atasdet-es","7":"product_cat-talleres-mecanicos","9":"first","10":"instock","11":"shipping-taxable","12":"product-type-variable"},"acf":[],"_links":{"self":[{"href":"https:\/\/www.atassrl.it\/es\/wp-json\/wp\/v2\/product\/9282","targetHints":{"allow":["GET"]}}],"collection":[{"href":"https:\/\/www.atassrl.it\/es\/wp-json\/wp\/v2\/product"}],"about":[{"href":"https:\/\/www.atassrl.it\/es\/wp-json\/wp\/v2\/types\/product"}],"wp:featuredmedia":[{"embeddable":true,"href":"https:\/\/www.atassrl.it\/es\/wp-json\/wp\/v2\/media\/9571"}],"wp:attachment":[{"href":"https:\/\/www.atassrl.it\/es\/wp-json\/wp\/v2\/media?parent=9282"}],"wp:term":[{"taxonomy":"product_brand","embeddable":true,"href":"https:\/\/www.atassrl.it\/es\/wp-json\/wp\/v2\/product_brand?post=9282"},{"taxonomy":"product_cat","embeddable":true,"href":"https:\/\/www.atassrl.it\/es\/wp-json\/wp\/v2\/product_cat?post=9282"},{"taxonomy":"product_tag","embeddable":true,"href":"https:\/\/www.atassrl.it\/es\/wp-json\/wp\/v2\/product_tag?post=9282"}],"curies":[{"name":"wp","href":"https:\/\/api.w.org\/{rel}","templated":true}]}}