{"id":9315,"date":"2022-07-21T16:40:46","date_gmt":"2022-07-21T14:40:46","guid":{"rendered":"https:\/\/www.atassrl.it\/?post_type=product&#038;p=9315"},"modified":"2022-10-10T11:14:26","modified_gmt":"2022-10-10T09:14:26","slug":"tecnoclim-rw-g13-2","status":"publish","type":"product","link":"https:\/\/www.atassrl.it\/es\/prodotto\/tecnoclim-rw-g13-2\/","title":{"rendered":"TECNOCLIM RW G13"},"content":{"rendered":"<div class=\"page\" title=\"Page 60\">\n<div class=\"section\">\n<div class=\"layoutArea\">\n<div class=\"column\">\n<p style=\"font-weight: 400;\">Basado en monoetilenglicol de alta calidad con aditivo con paquete inhibidor con tecnolog\u00eda 100% \u00c1cido Org\u00e1nico Silanizado, garantiza la m\u00e1xima protecci\u00f3n contra la corrosi\u00f3n en los circuitos de refrigeraci\u00f3n de los veh\u00edculos de \u00faltima generaci\u00f3n caracterizados por las altas temperaturas de funcionamiento y la mayor presencia de componentes en aleaciones de aluminio y especialmente magnesio. Realiza un alto nivel de protecci\u00f3n anticongelante, antievaporaci\u00f3n, anticorrosi\u00f3n y antical para todo el circuito frigor\u00edfico, alargando la vida de bombas, termostatos, conductos, juntas, mangueras y radiadores. Garantiza un excelente rendimiento hasta 250.000 km o 5 a\u00f1os de permanencia en el circuito de refrigeraci\u00f3n. Otro dato importante es el respeto por el medio ambiente, de hecho, al contener cerca de un 20% de glicerina, reduce las emisiones de CO2. Se puede utilizar en todas las estaciones. No contiene aminas, nitritos, nitratos, fosfatos (libre de NAP). Diluido al 50% en volumen, protege hasta -38 \u00b0C. Cumple o supera las especificaciones de suministro TL 774 J de muchos fabricantes de autom\u00f3viles.<\/p>\n<\/div>\n<\/div>\n<\/div>\n<\/div>\n","protected":false},"excerpt":{"rendered":"<div class=\"page\" title=\"Page 60\">\n<div class=\"section\">\n<div class=\"layoutArea\">\n<div class=\"column\">\n<div><span lang=\"ES\">LIQUIDO ANTICONGELANTE PARA RADIADORES<\/span><\/div>\n<\/div>\n<\/div>\n<\/div>\n<\/div>\n","protected":false},"featured_media":9566,"template":"","meta":{"_acf_changed":false,"_seopress_robots_primary_cat":"","_seopress_titles_title":"","_seopress_titles_desc":"","_seopress_robots_index":"","_seopress_analysis_target_kw":""},"product_brand":[],"product_cat":[273,344],"product_tag":[],"class_list":{"0":"post-9315","1":"product","2":"type-product","3":"status-publish","4":"has-post-thumbnail","6":"product_cat-linea-atasdet-es","7":"product_cat-talleres-mecanicos","9":"first","10":"instock","11":"shipping-taxable","12":"product-type-variable"},"acf":[],"_links":{"self":[{"href":"https:\/\/www.atassrl.it\/es\/wp-json\/wp\/v2\/product\/9315","targetHints":{"allow":["GET"]}}],"collection":[{"href":"https:\/\/www.atassrl.it\/es\/wp-json\/wp\/v2\/product"}],"about":[{"href":"https:\/\/www.atassrl.it\/es\/wp-json\/wp\/v2\/types\/product"}],"wp:featuredmedia":[{"embeddable":true,"href":"https:\/\/www.atassrl.it\/es\/wp-json\/wp\/v2\/media\/9566"}],"wp:attachment":[{"href":"https:\/\/www.atassrl.it\/es\/wp-json\/wp\/v2\/media?parent=9315"}],"wp:term":[{"taxonomy":"product_brand","embeddable":true,"href":"https:\/\/www.atassrl.it\/es\/wp-json\/wp\/v2\/product_brand?post=9315"},{"taxonomy":"product_cat","embeddable":true,"href":"https:\/\/www.atassrl.it\/es\/wp-json\/wp\/v2\/product_cat?post=9315"},{"taxonomy":"product_tag","embeddable":true,"href":"https:\/\/www.atassrl.it\/es\/wp-json\/wp\/v2\/product_tag?post=9315"}],"curies":[{"name":"wp","href":"https:\/\/api.w.org\/{rel}","templated":true}]}}