{"id":9344,"date":"2022-07-21T16:45:37","date_gmt":"2022-07-21T14:45:37","guid":{"rendered":"https:\/\/www.atassrl.it\/?post_type=product&#038;p=9344"},"modified":"2022-10-10T11:57:05","modified_gmt":"2022-10-10T09:57:05","slug":"tecnoclim-hybrid","status":"publish","type":"product","link":"https:\/\/www.atassrl.it\/es\/prodotto\/tecnoclim-hybrid\/","title":{"rendered":"TECNOCLIM HYBRID"},"content":{"rendered":"<div class=\"page\" title=\"Page 60\">\n<div class=\"section\">\n<div class=\"layoutArea\">\n<div class=\"column\">\n<p style=\"font-weight: 400;\">Anticongelante a base de Etilenglicol con inhibidores de corrosi\u00f3n OAT (Organic Acid Technology) con bajo contenido en fosfatos. Caracterizado por una vida extremadamente larga, no contiene boratos, nitritos, nitratos, aminas y silicatos.<\/p>\n<p style=\"font-weight: 400;\">La formulaci\u00f3n est\u00e1 perfectamente equilibrada para garantizar una protecci\u00f3n duradera contra todos los metales del sistema de refrigeraci\u00f3n, especialmente las aleaciones de aluminio y los metales ligeros presentes en los motores de \u00faltima generaci\u00f3n, incluidos los motores h\u00edbridos y el\u00e9ctricos.<\/p>\n<p style=\"font-weight: 400;\">Garantiza la correcta temperatura de funcionamiento del motor el\u00e9ctrico, generador, bater\u00edas, inversor y caja de cambios E-CVT. No provoca incrustaciones y no hace espuma.<\/p>\n<p style=\"font-weight: 400;\">Diluido al 50% en volumen con agua desmineralizada, protege hasta -39 \u00b0C.<\/p>\n<p style=\"font-weight: 400;\">Cumple con las siguientes especificaciones: Toyota TSK 2601G-8 &#8211; Mazda MES 121 C-FL22<\/p>\n<\/div>\n<\/div>\n<\/div>\n<\/div>\n","protected":false},"excerpt":{"rendered":"<div class=\"page\" title=\"Page 60\">\n<div class=\"section\">\n<div class=\"layoutArea\">\n<div class=\"column\">\n<p style=\"font-weight: 400;\">L\u00cdQUIDO ANTICONGELANTE PARA MOTORES H\u00cdBRIDOS Y EL\u00c9CTRICOS<\/p>\n<\/div>\n<\/div>\n<\/div>\n<\/div>\n","protected":false},"featured_media":9576,"template":"","meta":{"_acf_changed":false,"_seopress_robots_primary_cat":"","_seopress_titles_title":"","_seopress_titles_desc":"","_seopress_robots_index":"","_seopress_analysis_target_kw":""},"product_brand":[],"product_cat":[273,344],"product_tag":[],"class_list":{"0":"post-9344","1":"product","2":"type-product","3":"status-publish","4":"has-post-thumbnail","6":"product_cat-linea-atasdet-es","7":"product_cat-talleres-mecanicos","9":"first","10":"instock","11":"shipping-taxable","12":"product-type-variable"},"acf":[],"_links":{"self":[{"href":"https:\/\/www.atassrl.it\/es\/wp-json\/wp\/v2\/product\/9344","targetHints":{"allow":["GET"]}}],"collection":[{"href":"https:\/\/www.atassrl.it\/es\/wp-json\/wp\/v2\/product"}],"about":[{"href":"https:\/\/www.atassrl.it\/es\/wp-json\/wp\/v2\/types\/product"}],"wp:featuredmedia":[{"embeddable":true,"href":"https:\/\/www.atassrl.it\/es\/wp-json\/wp\/v2\/media\/9576"}],"wp:attachment":[{"href":"https:\/\/www.atassrl.it\/es\/wp-json\/wp\/v2\/media?parent=9344"}],"wp:term":[{"taxonomy":"product_brand","embeddable":true,"href":"https:\/\/www.atassrl.it\/es\/wp-json\/wp\/v2\/product_brand?post=9344"},{"taxonomy":"product_cat","embeddable":true,"href":"https:\/\/www.atassrl.it\/es\/wp-json\/wp\/v2\/product_cat?post=9344"},{"taxonomy":"product_tag","embeddable":true,"href":"https:\/\/www.atassrl.it\/es\/wp-json\/wp\/v2\/product_tag?post=9344"}],"curies":[{"name":"wp","href":"https:\/\/api.w.org\/{rel}","templated":true}]}}