{"id":9372,"date":"2022-07-21T17:15:43","date_gmt":"2022-07-21T15:15:43","guid":{"rendered":"https:\/\/www.atassrl.it\/?post_type=product&#038;p=9372"},"modified":"2022-10-10T16:24:27","modified_gmt":"2022-10-10T14:24:27","slug":"blokar-max-2","status":"publish","type":"product","link":"https:\/\/www.atassrl.it\/es\/prodotto\/blokar-max-2\/","title":{"rendered":"BLOKAR MAX"},"content":{"rendered":"<div class=\"page\" title=\"Page 59\">\n<div class=\"section\">\n<div class=\"layoutArea\">\n<div class=\"column\">\n<p style=\"font-weight: 400;\">Fluido de calidad garantizada, apto para sistemas de frenado tradicionales (disco y tambor) y especialmente para sistemas m\u00e1s avanzados tecnol\u00f3gicamente como A B S y en todos aquellos casos en los que el sistema de frenado est\u00e9 sometido con frecuencia a grandes cargas de trabajo. Garantiza siempre un frenado potente y seguro tanto a bajas como a altas temperaturas, no altera los metales que componen el circuito de frenado y no hincha las pastillas de goma. Punto de ebullici\u00f3n 268 \u00b0C, despu\u00e9s de humidificaci\u00f3n 188 \u00b0C. Punto de congelaci\u00f3n -50 \u00b0C.<\/p>\n<\/div>\n<\/div>\n<\/div>\n<\/div>\n","protected":false},"excerpt":{"rendered":"<div class=\"page\" title=\"Page 59\">\n<div class=\"section\">\n<div class=\"layoutArea\">\n<div class=\"column\">\n<div><span lang=\"ES\">L\u00cdQUIDO DE FRENOS DOT5<\/span><\/div>\n<\/div>\n<\/div>\n<\/div>\n<\/div>\n","protected":false},"featured_media":9587,"template":"","meta":{"_acf_changed":false,"_seopress_robots_primary_cat":"","_seopress_titles_title":"","_seopress_titles_desc":"","_seopress_robots_index":"","_seopress_analysis_target_kw":""},"product_brand":[],"product_cat":[273,344],"product_tag":[],"class_list":{"0":"post-9372","1":"product","2":"type-product","3":"status-publish","4":"has-post-thumbnail","6":"product_cat-linea-atasdet-es","7":"product_cat-talleres-mecanicos","9":"first","10":"instock","11":"shipping-taxable","12":"product-type-variable"},"acf":[],"_links":{"self":[{"href":"https:\/\/www.atassrl.it\/es\/wp-json\/wp\/v2\/product\/9372","targetHints":{"allow":["GET"]}}],"collection":[{"href":"https:\/\/www.atassrl.it\/es\/wp-json\/wp\/v2\/product"}],"about":[{"href":"https:\/\/www.atassrl.it\/es\/wp-json\/wp\/v2\/types\/product"}],"wp:featuredmedia":[{"embeddable":true,"href":"https:\/\/www.atassrl.it\/es\/wp-json\/wp\/v2\/media\/9587"}],"wp:attachment":[{"href":"https:\/\/www.atassrl.it\/es\/wp-json\/wp\/v2\/media?parent=9372"}],"wp:term":[{"taxonomy":"product_brand","embeddable":true,"href":"https:\/\/www.atassrl.it\/es\/wp-json\/wp\/v2\/product_brand?post=9372"},{"taxonomy":"product_cat","embeddable":true,"href":"https:\/\/www.atassrl.it\/es\/wp-json\/wp\/v2\/product_cat?post=9372"},{"taxonomy":"product_tag","embeddable":true,"href":"https:\/\/www.atassrl.it\/es\/wp-json\/wp\/v2\/product_tag?post=9372"}],"curies":[{"name":"wp","href":"https:\/\/api.w.org\/{rel}","templated":true}]}}