{"id":9526,"date":"2020-05-14T15:36:54","date_gmt":"2020-05-14T13:36:54","guid":{"rendered":"https:\/\/www.atassrl.it\/prodotto\/ig-20-2\/"},"modified":"2022-08-03T16:07:02","modified_gmt":"2022-08-03T14:07:02","slug":"ig-20-2","status":"publish","type":"product","link":"https:\/\/www.atassrl.it\/es\/prodotto\/ig-20-2\/","title":{"rendered":"IG20"},"content":{"rendered":"<p style=\"font-weight: 400;\">Producto con un amplio espectro de uso para operaciones de limpieza y sanitizaci\u00f3n. Con un alto contenido de alcohol, es adecuado para el tratamiento de todos los interiores de autom\u00f3viles, autobuses, veh\u00edculos de emergencia, pero tambi\u00e9n para ambientes, mesas de trabajo, puertas, portones, ventanas, interruptores, botoneras, interiores de ascensores y equipos de oficina.<\/p>\n","protected":false},"excerpt":{"rendered":"<div><span lang=\"ES\">\u00a0LIMPIADOR HIGIENIZANTE ALCOH\u00d3LICO<\/span><\/div>\n","protected":false},"featured_media":7926,"template":"","meta":{"_acf_changed":false,"_seopress_robots_primary_cat":"","_seopress_titles_title":"","_seopress_titles_desc":"","_seopress_robots_index":"","_seopress_analysis_target_kw":""},"product_brand":[],"product_cat":[804],"product_tag":[884,888],"class_list":{"0":"post-9526","1":"product","2":"type-product","3":"status-publish","4":"has-post-thumbnail","6":"product_cat-higienizantes","7":"product_tag-covid-19-es","8":"product_tag-higienizante","10":"first","11":"instock","12":"shipping-taxable","13":"product-type-variable"},"acf":[],"_links":{"self":[{"href":"https:\/\/www.atassrl.it\/es\/wp-json\/wp\/v2\/product\/9526","targetHints":{"allow":["GET"]}}],"collection":[{"href":"https:\/\/www.atassrl.it\/es\/wp-json\/wp\/v2\/product"}],"about":[{"href":"https:\/\/www.atassrl.it\/es\/wp-json\/wp\/v2\/types\/product"}],"wp:featuredmedia":[{"embeddable":true,"href":"https:\/\/www.atassrl.it\/es\/wp-json\/wp\/v2\/media\/7926"}],"wp:attachment":[{"href":"https:\/\/www.atassrl.it\/es\/wp-json\/wp\/v2\/media?parent=9526"}],"wp:term":[{"taxonomy":"product_brand","embeddable":true,"href":"https:\/\/www.atassrl.it\/es\/wp-json\/wp\/v2\/product_brand?post=9526"},{"taxonomy":"product_cat","embeddable":true,"href":"https:\/\/www.atassrl.it\/es\/wp-json\/wp\/v2\/product_cat?post=9526"},{"taxonomy":"product_tag","embeddable":true,"href":"https:\/\/www.atassrl.it\/es\/wp-json\/wp\/v2\/product_tag?post=9526"}],"curies":[{"name":"wp","href":"https:\/\/api.w.org\/{rel}","templated":true}]}}