{"id":9558,"date":"2022-07-21T16:15:58","date_gmt":"2022-07-21T14:15:58","guid":{"rendered":"https:\/\/www.atassrl.it\/prodotto\/lambat\/"},"modified":"2022-07-21T16:15:58","modified_gmt":"2022-07-21T14:15:58","slug":"lambat","status":"publish","type":"product","link":"https:\/\/www.atassrl.it\/es\/prodotto\/lambat\/","title":{"rendered":"LAMBAT"},"content":{"rendered":"<p style=\"font-weight: 400;\">Producto alcalino moderadamente espumante de alta concentraci\u00f3n que combina una excelente acci\u00f3n desengrasante con una eficaz acci\u00f3n bactericida (sobre organismos grampositivos y gramnegativos) y levaduricida. No contiene perfume y, gracias a los secuestrantes que contiene, mantiene su eficacia incluso en presencia de aguas duras ricas en sales alcalinot\u00e9rreas. Se puede utilizar para el tratamiento de suelos, alicatados, grifer\u00eda, equipamientos, ba\u00f1os de bares, restaurantes, gimnasios, hoteles, comedores, etc. Tambi\u00e9n apto para el sector alimentario.<\/p>\n","protected":false},"excerpt":{"rendered":"<div><span lang=\"ES\">DESINFECTANTE CON ACCI\u00d3N BACTERICIDA Y LEVURICIDA<\/span><\/div>\n","protected":false},"featured_media":9553,"template":"","meta":{"_acf_changed":false,"_seopress_robots_primary_cat":"","_seopress_titles_title":"","_seopress_titles_desc":"","_seopress_robots_index":"","_seopress_analysis_target_kw":""},"product_brand":[],"product_cat":[804],"product_tag":[884,888],"class_list":{"0":"post-9558","1":"product","2":"type-product","3":"status-publish","4":"has-post-thumbnail","6":"product_cat-higienizantes","7":"product_tag-covid-19-es","8":"product_tag-higienizante","10":"first","11":"instock","12":"shipping-taxable","13":"product-type-variable"},"acf":[],"_links":{"self":[{"href":"https:\/\/www.atassrl.it\/es\/wp-json\/wp\/v2\/product\/9558","targetHints":{"allow":["GET"]}}],"collection":[{"href":"https:\/\/www.atassrl.it\/es\/wp-json\/wp\/v2\/product"}],"about":[{"href":"https:\/\/www.atassrl.it\/es\/wp-json\/wp\/v2\/types\/product"}],"wp:featuredmedia":[{"embeddable":true,"href":"https:\/\/www.atassrl.it\/es\/wp-json\/wp\/v2\/media\/9553"}],"wp:attachment":[{"href":"https:\/\/www.atassrl.it\/es\/wp-json\/wp\/v2\/media?parent=9558"}],"wp:term":[{"taxonomy":"product_brand","embeddable":true,"href":"https:\/\/www.atassrl.it\/es\/wp-json\/wp\/v2\/product_brand?post=9558"},{"taxonomy":"product_cat","embeddable":true,"href":"https:\/\/www.atassrl.it\/es\/wp-json\/wp\/v2\/product_cat?post=9558"},{"taxonomy":"product_tag","embeddable":true,"href":"https:\/\/www.atassrl.it\/es\/wp-json\/wp\/v2\/product_tag?post=9558"}],"curies":[{"name":"wp","href":"https:\/\/api.w.org\/{rel}","templated":true}]}}