{"id":7944,"date":"2019-09-11T16:58:20","date_gmt":"2019-09-11T14:58:20","guid":{"rendered":"https:\/\/www.atassrl.it\/compagnie\/"},"modified":"2023-05-10T15:54:31","modified_gmt":"2023-05-10T13:54:31","slug":"compagnie","status":"publish","type":"page","link":"https:\/\/www.atassrl.it\/fr\/compagnie\/","title":{"rendered":"Compagnie"},"content":{"rendered":"\n\n<h2>\n\t\tNotre histoire\n\t<\/h2>\n\t<p>Atas Srl a \u00e9t\u00e9 \u00e9tablie par Monsieur Augusto Tassini dans l&rsquo;ann\u00e9e 1965. C&rsquo;est ainsi qu&rsquo;il a commenc\u00e9 la fabrication de shampooings pour lavage-voitures, antigel, polisseurs pour pneus, p\u00e2te lave-mains, d\u00e9tergents \u00e0 usages multiples, d\u00e9sodorisants et autres produits, et pendant les ann\u00e9es jusqu&rsquo;\u00e0 pr\u00e9sent elle s&rsquo;est d\u00e9velopp\u00e9e \u00e0 d&rsquo;autres formulations, pour arriver \u00e0 une gamme de plus de 300 produits. Nous aimons rappeler d&rsquo;avoir formul\u00e9, ayant \u00e9t\u00e9 les premiers en Italie avec une maison en Veneto, les d\u00e9tergents \u00e0 utiliser sans \u00e9ponger ni brosser, qui ont obtenu et qui continuent \u00e0 obtenir un grand succ\u00e8s soit en Italie qu&rsquo;\u00e0 l&rsquo;\u00e9tranger. Les suggestions, les conseils et les demandes des clients ont toujours fait l&rsquo;objet de grand int\u00e9r\u00eat de notre d\u00e9partement de Recherche et de D\u00e9veloppement, qui a toujours appr\u00e9ci\u00e9 la n\u00e9cessit\u00e9 de concevoir et de fabriquer les meilleurs produits pour les applications les plus vari\u00e9es du secteur automobile. Une grande attention ainsi qu&rsquo; une production compl\u00e8tement automatis\u00e9e, nous ont permis de produire une large gamme de formulations de haute qualit\u00e9 \u00e0 des prix raisonnables et comp\u00e9titifs, pour la satisfaction totale de nos clients. Notre r\u00e9seau de vente est compos\u00e9 de distributeurs et de revendeurs; des vrais partenaires avec des zones d&rsquo;exploitation exclusives, pour garantir un service \u00e9tendu, en contact \u00e9troit avec les clients qui sont servis avec des visites et des livraisons p\u00e9riodiques. Atas est \u00e9galement pr\u00e9sent sur plusieurs march\u00e9s \u00e9trangers et compte des collaborateurs dans plus de 40 pays europ\u00e9ens, en Afrique du Nord et au Moyen-Orient. Notre mission est la satisfaction totale du client; tout le personnel interne et externe de l&rsquo;entreprise partage la m\u00eame proposition et s&rsquo;engage toujours au maximum \u00e0 atteindre cet objectif. En 2015, Atas a c\u00e9l\u00e9br\u00e9 ses 50 ans d&rsquo;activit\u00e9 avec un important et prestigieux \u00e9v\u00e9nement avec la participation des fournisseurs, des concessionnaires, des collaborateurs et des partenaires qui ont parcouru ce voyage ensemble avec l&rsquo;entreprise.<\/p>\n\t\t\t\t<img loading=\"lazy\" decoding=\"async\" src=\"https:\/\/www.atassrl.it\/wp-content\/uploads\/2019\/09\/FOTO-AEREA-212_MODIFICATA_2019-768x405.jpg\" alt=\"FOTO AEREA 212_MODIFICATA_2019\" itemprop=\"image\" height=\"405\" width=\"768\" height=\"405\" width=\"768\" title=\"FOTO AEREA 212_MODIFICATA_2019\" onerror=\"this.style.display='none'\"  \/>\n<h2>\n\t\tCertifications\n\t<\/h2>\n\tNous aimons souligner que Atas, en tant que garantie de sa qualit\u00e9, a obtenu la certification UNI EN ISO 9001:2015 et donc avec ce syst\u00e8me proc\u00e8de dans toute sa production.<br \/>\nGr\u00e2ce \u00e0 un engagement constant et quotidien dans la recherche de mati\u00e8res premi\u00e8res respectueuses de l&rsquo;environnement, et dans l&rsquo;application des processus de production et des protocoles de maintenance des installations dans le respect global de l&rsquo;environnement, nous avons \u00e9galement obtenu la certification UNI EN ISO 14001:2015.\n<h2>\n\t\tQualit\u00e9 et Recherche\n\t<\/h2>\n\t<p>Jamais se retenir satisfaits, mais toujours rechercher le meilleur.La force de notre entreprise est de ne jamais se retenir satisfaite, bien au contraire, travailler en permanence pour concevoir et proposer des produits de meilleure qualit\u00e9.La recherche est la r\u00e9ponse \u00e0 ce besoin de formuler des produits de qualit\u00e9 sup\u00e9rieure, dans l&rsquo;int\u00e9r\u00eat de nos op\u00e9rateurs, ainsi que dans le respect de l&rsquo;environnement o\u00f9 ils sont utilis\u00e9s.\u00a0Dans notre laboratoire, des techniciens chimistes dipl\u00f4m\u00e9s, travaillent au quotidien pour r\u00e9aliser cet objectf.La fid\u00e9lit\u00e9 de notre engagement dans ce domaine se traduit progressivement au fil du temps par les parcours qui nous ont conduit aux changements n\u00e9cessaires pour nous conformer avec diligence aux lois en vigueur, de m\u00eame que par le choix des mati\u00e8res premi\u00e8res, jamais dict\u00e9 par un comportement sp\u00e9culatif, mais exclusivement en fonction de crit\u00e8res de qualit\u00e9 et de faible impact environnemental.<\/p>\n\t\t\t\t<img loading=\"lazy\" decoding=\"async\" src=\"https:\/\/www.atassrl.it\/wp-content\/uploads\/2019\/09\/laboratory-2815641_1920-768x512.jpg\" alt=\"laboratory-2815641_1920\" itemprop=\"image\" height=\"512\" width=\"768\" height=\"512\" width=\"768\" title=\"laboratory-2815641_1920\" onerror=\"this.style.display='none'\"  \/>\n<h2>\n\t\tNotre Production \n\t<\/h2>\n\tDiff\u00e9rentes lignes de produits, leur succ\u00e8s: conform\u00e9ment aux directives\u00a0UNI EN ISO 14001:2004 \u00a0UNI EN ISO 9001:2008. Repartie sur plusieurs lignes, notre production satisfait chaque exigeance dans plusieurs secteurs.\u00a0Ligne ATASCAR: produits de soins et d&rsquo;entretien des v\u00e9hicules.<br \/>\nLigne ATASDET: d\u00e9tergents professionnels pour le secteur des transports<br \/>\nSont en outre produites:\u00a0La ligne ATASCHEM: d\u00e9tergents pour le secteur communautaire<br \/>\nLa ligne ATASMAC: produits pour le secteur alimentaire<br \/>\nLa soci\u00e9t\u00e9, forte de d\u00e9cennies d&rsquo;exp\u00e9rience, et en d\u00e9veloppement continu, est en mesure de fournir \u00e0 sa client\u00e8le, une gamme compl\u00e8te de produits pour r\u00e9pondre de mani\u00e8re efficace \u00e0 la demande.\n\t\t\t\t<img loading=\"lazy\" decoding=\"async\" src=\"https:\/\/www.atassrl.it\/wp-content\/uploads\/2019\/09\/businessman-3075839_1920-768x411.jpg\" alt=\"businessman-3075839_1920\" itemprop=\"image\" height=\"411\" width=\"768\" height=\"411\" width=\"768\" title=\"businessman-3075839_1920\" onerror=\"this.style.display='none'\"  \/>\n<h2>\n\t\tEcologie\n\t<\/h2>\n\t<p>ATAS est toujours heureuse de contribuer \u00e0 pr\u00e9server et am\u00e9liorer notre patromoine environnemental, un engagement qui se trouve dans ses lignes directrices de d\u00e9veloppement d\u00e8s sa fondation. Comme d\u00e9j\u00e0 expos\u00e9 dans notre histoire, nous avons toujours suivi scrupuleusement &#8211; et quelques fois anticip\u00e9 &#8211; les normatives en mati\u00e8re, en \u00e9liminant les diff\u00e9rents produits pollutants, comme le Freon et les tensioactifs ph\u00e9noliques. Nous offrons, en effet, une ligne compl\u00e8te app\u00e9l\u00e9e \u00ab\u00a0ECOTASS\u00a0\u00bb, formul\u00e9e avec des substances hautement biod\u00e9gradables et des tensioactifs d&rsquo;origine v\u00e9getale qui vont garantir un plus bas impact environnemental. Notre attention est aussi address\u00e9e \u00e0 la gestion des r\u00e9sidus de traitement, en adoptant de d\u00e9purateurs biologiques et chimico-physiques afin de baisser le plus possible tout impact potentiel sur l&rsquo;environnement.<\/p>\n\t\t\t\t<img loading=\"lazy\" decoding=\"async\" src=\"https:\/\/www.atassrl.it\/wp-content\/uploads\/2019\/09\/environment-2196690-768x432.jpg\" alt=\"environment-2196690\" itemprop=\"image\" height=\"432\" width=\"768\" height=\"432\" width=\"768\" title=\"environment-2196690\" onerror=\"this.style.display='none'\"  \/>\n\n","protected":false},"excerpt":{"rendered":"<p>Notre histoire Atas Srl a \u00e9t\u00e9 \u00e9tablie par Monsieur Augusto Tassini dans l&rsquo;ann\u00e9e 1965. C&rsquo;est ainsi qu&rsquo;il a commenc\u00e9 la fabrication de shampooings pour lavage-voitures, antigel, polisseurs pour pneus, p\u00e2te lave-mains, d\u00e9tergents \u00e0 usages multiples, d\u00e9sodorisants et autres produits, et pendant les ann\u00e9es jusqu&rsquo;\u00e0 pr\u00e9sent elle s&rsquo;est d\u00e9velopp\u00e9e \u00e0 d&rsquo;autres formulations, pour arriver \u00e0 une&hellip;<\/p>\n","protected":false},"author":1,"featured_media":0,"parent":0,"menu_order":0,"comment_status":"closed","ping_status":"open","template":"","meta":{"_acf_changed":false,"_seopress_robots_primary_cat":"","_seopress_titles_title":"","_seopress_titles_desc":"","_seopress_robots_index":"","_seopress_analysis_target_kw":"","footnotes":""},"class_list":["post-7944","page","type-page","status-publish","hentry"],"acf":[],"_links":{"self":[{"href":"https:\/\/www.atassrl.it\/fr\/wp-json\/wp\/v2\/pages\/7944","targetHints":{"allow":["GET"]}}],"collection":[{"href":"https:\/\/www.atassrl.it\/fr\/wp-json\/wp\/v2\/pages"}],"about":[{"href":"https:\/\/www.atassrl.it\/fr\/wp-json\/wp\/v2\/types\/page"}],"author":[{"embeddable":true,"href":"https:\/\/www.atassrl.it\/fr\/wp-json\/wp\/v2\/users\/1"}],"replies":[{"embeddable":true,"href":"https:\/\/www.atassrl.it\/fr\/wp-json\/wp\/v2\/comments?post=7944"}],"version-history":[{"count":2,"href":"https:\/\/www.atassrl.it\/fr\/wp-json\/wp\/v2\/pages\/7944\/revisions"}],"predecessor-version":[{"id":9665,"href":"https:\/\/www.atassrl.it\/fr\/wp-json\/wp\/v2\/pages\/7944\/revisions\/9665"}],"wp:attachment":[{"href":"https:\/\/www.atassrl.it\/fr\/wp-json\/wp\/v2\/media?parent=7944"}],"curies":[{"name":"wp","href":"https:\/\/api.w.org\/{rel}","templated":true}]}}