{"id":2345,"date":"2019-07-03T15:53:38","date_gmt":"2019-07-03T13:53:38","guid":{"rendered":"http:\/\/atas.devsrvr.net\/prodotto\/plak\/"},"modified":"2022-07-04T10:08:36","modified_gmt":"2022-07-04T08:08:36","slug":"plak","status":"publish","type":"product","link":"https:\/\/www.atassrl.it\/fr\/prodotto\/plak\/","title":{"rendered":"PLAK"},"content":{"rendered":"<div class=\"page\" title=\"Page 6\">\n<div class=\"section\">\n<div class=\"layoutArea\">\n<div class=\"column\">\n<p style=\"font-weight: 400;\">Pr\u00e9sent sur le march\u00e9 europ\u00e9en depuis des ann\u00e9es, il est synonyme de haute qualit\u00e9 constante. Il nettoie, polit et prot\u00e8ge les tableaux de bord et les int\u00e9rieurs de voiture en plastique et en bois. Antistatique et anti-poussi\u00e8re, il supprime le vieillissement des surfaces trait\u00e9es, assurant un effet prolong\u00e9 dans le temps. Convient \u00e9galement au polissage des meubles et des surfaces en caoutchouc et en marbre, il est disponible en diff\u00e9rents parfums raffin\u00e9s.<\/p>\n<\/div>\n<\/div>\n<\/div>\n<\/div>\n","protected":false},"excerpt":{"rendered":"<div class=\"page\" title=\"Page 6\">\n<div class=\"section\">\n<div class=\"layoutArea\">\n<div class=\"column\">\n<p>POLISSAGE EN SILICONE POUR TABLEAUX DE BORD<\/p>\n<\/div>\n<\/div>\n<\/div>\n<\/div>\n","protected":false},"featured_media":2413,"template":"","meta":{"_acf_changed":false,"_seopress_robots_primary_cat":"","_seopress_titles_title":"","_seopress_titles_desc":"","_seopress_robots_index":"","_seopress_analysis_target_kw":""},"product_brand":[],"product_cat":[184],"product_tag":[],"class_list":{"0":"post-2345","1":"product","2":"type-product","3":"status-publish","4":"has-post-thumbnail","6":"product_cat-linea-atascar-fr","8":"first","9":"instock","10":"shipping-taxable","11":"product-type-variable"},"acf":[],"_links":{"self":[{"href":"https:\/\/www.atassrl.it\/fr\/wp-json\/wp\/v2\/product\/2345","targetHints":{"allow":["GET"]}}],"collection":[{"href":"https:\/\/www.atassrl.it\/fr\/wp-json\/wp\/v2\/product"}],"about":[{"href":"https:\/\/www.atassrl.it\/fr\/wp-json\/wp\/v2\/types\/product"}],"wp:featuredmedia":[{"embeddable":true,"href":"https:\/\/www.atassrl.it\/fr\/wp-json\/wp\/v2\/media\/2413"}],"wp:attachment":[{"href":"https:\/\/www.atassrl.it\/fr\/wp-json\/wp\/v2\/media?parent=2345"}],"wp:term":[{"taxonomy":"product_brand","embeddable":true,"href":"https:\/\/www.atassrl.it\/fr\/wp-json\/wp\/v2\/product_brand?post=2345"},{"taxonomy":"product_cat","embeddable":true,"href":"https:\/\/www.atassrl.it\/fr\/wp-json\/wp\/v2\/product_cat?post=2345"},{"taxonomy":"product_tag","embeddable":true,"href":"https:\/\/www.atassrl.it\/fr\/wp-json\/wp\/v2\/product_tag?post=2345"}],"curies":[{"name":"wp","href":"https:\/\/api.w.org\/{rel}","templated":true}]}}