{"id":2660,"date":"2019-07-03T16:07:01","date_gmt":"2019-07-03T14:07:01","guid":{"rendered":"http:\/\/atas.devsrvr.net\/prodotto\/plak-car\/"},"modified":"2022-07-04T10:10:14","modified_gmt":"2022-07-04T08:10:14","slug":"plak-car","status":"publish","type":"product","link":"https:\/\/www.atassrl.it\/fr\/prodotto\/plak-car\/","title":{"rendered":"PLAK CAR"},"content":{"rendered":"<div class=\"page\" title=\"Page 7\">\n<div class=\"section\">\n<div class=\"layoutArea\">\n<div class=\"column\">\n<p>Produit professionnel de qualit\u00e9 \u00e9prouv\u00e9e. Totalement exempt de silicones, il n&rsquo;interf\u00e8re pas avec les op\u00e9rations de peinture.\u00a0Recommand\u00e9 pour les ateliers de carrosserie. Il garantit un rendement \u00e9lev\u00e9 et une excellente brillance. Il repousse la poussi\u00e8re et l&rsquo;eau et a un effet durable. Non grasse.<\/p>\n<\/div>\n<\/div>\n<\/div>\n<\/div>\n","protected":false},"excerpt":{"rendered":"<div class=\"page\" title=\"Page 7\">\n<div class=\"section\">\n<div class=\"layoutArea\">\n<div class=\"column\">\n<div><b><span lang=\"DE\">POLISSAGE SANS SILICONE POUR TABLEAUX DE BORD<\/span><\/b><\/div>\n<\/div>\n<\/div>\n<\/div>\n<\/div>\n","protected":false},"featured_media":2409,"template":"","meta":{"_acf_changed":false,"_seopress_robots_primary_cat":"","_seopress_titles_title":"","_seopress_titles_desc":"","_seopress_robots_index":"","_seopress_analysis_target_kw":""},"product_brand":[],"product_cat":[184],"product_tag":[],"class_list":{"0":"post-2660","1":"product","2":"type-product","3":"status-publish","4":"has-post-thumbnail","6":"product_cat-linea-atascar-fr","8":"first","9":"instock","10":"shipping-taxable","11":"product-type-variable"},"acf":[],"_links":{"self":[{"href":"https:\/\/www.atassrl.it\/fr\/wp-json\/wp\/v2\/product\/2660","targetHints":{"allow":["GET"]}}],"collection":[{"href":"https:\/\/www.atassrl.it\/fr\/wp-json\/wp\/v2\/product"}],"about":[{"href":"https:\/\/www.atassrl.it\/fr\/wp-json\/wp\/v2\/types\/product"}],"wp:featuredmedia":[{"embeddable":true,"href":"https:\/\/www.atassrl.it\/fr\/wp-json\/wp\/v2\/media\/2409"}],"wp:attachment":[{"href":"https:\/\/www.atassrl.it\/fr\/wp-json\/wp\/v2\/media?parent=2660"}],"wp:term":[{"taxonomy":"product_brand","embeddable":true,"href":"https:\/\/www.atassrl.it\/fr\/wp-json\/wp\/v2\/product_brand?post=2660"},{"taxonomy":"product_cat","embeddable":true,"href":"https:\/\/www.atassrl.it\/fr\/wp-json\/wp\/v2\/product_cat?post=2660"},{"taxonomy":"product_tag","embeddable":true,"href":"https:\/\/www.atassrl.it\/fr\/wp-json\/wp\/v2\/product_tag?post=2660"}],"curies":[{"name":"wp","href":"https:\/\/api.w.org\/{rel}","templated":true}]}}