{"id":2681,"date":"2019-07-03T16:20:54","date_gmt":"2019-07-03T14:20:54","guid":{"rendered":"http:\/\/atas.devsrvr.net\/prodotto\/delmat\/"},"modified":"2022-07-04T10:19:24","modified_gmt":"2022-07-04T08:19:24","slug":"delmat","status":"publish","type":"product","link":"https:\/\/www.atassrl.it\/fr\/prodotto\/delmat\/","title":{"rendered":"DELMAT"},"content":{"rendered":"<div class=\"page\" title=\"Page 8\">\n<div class=\"section\">\n<div class=\"layoutArea\">\n<div class=\"column\">\n<p style=\"font-weight: 400;\">Produit parfum\u00e9 adapt\u00e9 \u00e0 l&rsquo;entretien et au nettoyage des tableaux de bord et des int\u00e9rieurs de voitures. Sa formulation moussante et sans solvant \u00e9limine parfaitement les salissures, respecte les surfaces et ravive les couleurs sans polir (effet mat). Il ne contient pas de silicones, ne graisse pas, ne coule pas et pr\u00e9serve les surfaces trait\u00e9es. Utilisation: vaporiser par petites doses et \u00e9taler uniform\u00e9ment avec un chiffon propre. Ne pas utiliser sur des surfaces chaudes.<\/p>\n<\/div>\n<\/div>\n<\/div>\n<\/div>\n","protected":false},"excerpt":{"rendered":"<div class=\"page\" title=\"Page 8\">\n<div class=\"section\">\n<div class=\"layoutArea\">\n<div class=\"column\">\n<div><b><span lang=\"DE\">MOUSSE ACTIVE A BASE D&rsquo;EAU POUR TABLEAUX DE BORD &#8211; EFFET MAT<\/span><\/b><\/div>\n<\/div>\n<\/div>\n<\/div>\n<\/div>\n","protected":false},"featured_media":8256,"template":"","meta":{"_acf_changed":false,"_seopress_robots_primary_cat":"","_seopress_titles_title":"","_seopress_titles_desc":"","_seopress_robots_index":"","_seopress_analysis_target_kw":""},"product_brand":[],"product_cat":[184],"product_tag":[],"class_list":{"0":"post-2681","1":"product","2":"type-product","3":"status-publish","4":"has-post-thumbnail","6":"product_cat-linea-atascar-fr","8":"first","9":"instock","10":"shipping-taxable","11":"product-type-simple"},"acf":[],"_links":{"self":[{"href":"https:\/\/www.atassrl.it\/fr\/wp-json\/wp\/v2\/product\/2681","targetHints":{"allow":["GET"]}}],"collection":[{"href":"https:\/\/www.atassrl.it\/fr\/wp-json\/wp\/v2\/product"}],"about":[{"href":"https:\/\/www.atassrl.it\/fr\/wp-json\/wp\/v2\/types\/product"}],"wp:featuredmedia":[{"embeddable":true,"href":"https:\/\/www.atassrl.it\/fr\/wp-json\/wp\/v2\/media\/8256"}],"wp:attachment":[{"href":"https:\/\/www.atassrl.it\/fr\/wp-json\/wp\/v2\/media?parent=2681"}],"wp:term":[{"taxonomy":"product_brand","embeddable":true,"href":"https:\/\/www.atassrl.it\/fr\/wp-json\/wp\/v2\/product_brand?post=2681"},{"taxonomy":"product_cat","embeddable":true,"href":"https:\/\/www.atassrl.it\/fr\/wp-json\/wp\/v2\/product_cat?post=2681"},{"taxonomy":"product_tag","embeddable":true,"href":"https:\/\/www.atassrl.it\/fr\/wp-json\/wp\/v2\/product_tag?post=2681"}],"curies":[{"name":"wp","href":"https:\/\/api.w.org\/{rel}","templated":true}]}}