{"id":2723,"date":"2019-07-04T15:33:20","date_gmt":"2019-07-04T13:33:20","guid":{"rendered":"http:\/\/atas.devsrvr.net\/prodotto\/maky\/"},"modified":"2022-07-14T17:31:27","modified_gmt":"2022-07-14T15:31:27","slug":"maky","status":"publish","type":"product","link":"https:\/\/www.atassrl.it\/fr\/prodotto\/maky\/","title":{"rendered":"MAKY"},"content":{"rendered":"<div class=\"page\" title=\"Page 12\">\n<div class=\"layoutArea\">\n<div class=\"column\">\n<p>Riche en composants polissants et protecteurs, il ravive les peintures \u00ab\u00a0ternes\u00a0\u00bb par le temps, leur redonnant leur beaut\u00e9 originelle. Il repousse la poussi\u00e8re et l&rsquo;humidit\u00e9 tout en pr\u00e9servant les pi\u00e8ces trait\u00e9es de l&rsquo;oxydation. Convient \u00e9galement aux peintures m\u00e9tallis\u00e9es.<\/p>\n<\/div>\n<\/div>\n<\/div>\n","protected":false},"excerpt":{"rendered":"<div class=\"page\" title=\"Page 12\">\n<div class=\"layoutArea\">\n<div class=\"column\">\n<p>POLISSAGE DE VOITURE<\/p>\n<\/div>\n<\/div>\n<\/div>\n","protected":false},"featured_media":8086,"template":"","meta":{"_acf_changed":false,"_seopress_robots_primary_cat":"","_seopress_titles_title":"","_seopress_titles_desc":"","_seopress_robots_index":"","_seopress_analysis_target_kw":""},"product_brand":[],"product_cat":[184],"product_tag":[],"class_list":{"0":"post-2723","1":"product","2":"type-product","3":"status-publish","4":"has-post-thumbnail","6":"product_cat-linea-atascar-fr","8":"first","9":"instock","10":"shipping-taxable","11":"product-type-simple"},"acf":[],"_links":{"self":[{"href":"https:\/\/www.atassrl.it\/fr\/wp-json\/wp\/v2\/product\/2723","targetHints":{"allow":["GET"]}}],"collection":[{"href":"https:\/\/www.atassrl.it\/fr\/wp-json\/wp\/v2\/product"}],"about":[{"href":"https:\/\/www.atassrl.it\/fr\/wp-json\/wp\/v2\/types\/product"}],"wp:featuredmedia":[{"embeddable":true,"href":"https:\/\/www.atassrl.it\/fr\/wp-json\/wp\/v2\/media\/8086"}],"wp:attachment":[{"href":"https:\/\/www.atassrl.it\/fr\/wp-json\/wp\/v2\/media?parent=2723"}],"wp:term":[{"taxonomy":"product_brand","embeddable":true,"href":"https:\/\/www.atassrl.it\/fr\/wp-json\/wp\/v2\/product_brand?post=2723"},{"taxonomy":"product_cat","embeddable":true,"href":"https:\/\/www.atassrl.it\/fr\/wp-json\/wp\/v2\/product_cat?post=2723"},{"taxonomy":"product_tag","embeddable":true,"href":"https:\/\/www.atassrl.it\/fr\/wp-json\/wp\/v2\/product_tag?post=2723"}],"curies":[{"name":"wp","href":"https:\/\/api.w.org\/{rel}","templated":true}]}}