{"id":2728,"date":"2019-07-04T15:36:26","date_gmt":"2019-07-04T13:36:26","guid":{"rendered":"http:\/\/atas.devsrvr.net\/prodotto\/makycar-2sl\/"},"modified":"2022-07-01T17:04:01","modified_gmt":"2022-07-01T15:04:01","slug":"makycar-2sl","status":"publish","type":"product","link":"https:\/\/www.atassrl.it\/fr\/prodotto\/makycar-2sl\/","title":{"rendered":"MAKYCAR 2SL"},"content":{"rendered":"<p style=\"font-weight: 400;\">M\u00e9lange sp\u00e9cial d&rsquo;huiles et de cires hautement concentr\u00e9es qui renouvelle, polit et prot\u00e8ge les peintures pastel et m\u00e9talliques, \u00e9liminant le smog, la suie et les r\u00e9sidus de p\u00e2tes abrasives. Produit professionnel pouvant \u00eatre utilis\u00e9 \u00e0 la fois manuellement et avec une polisseuse. \u00c9galement disponible dans les versions suivantes : \u00ab 1SA \u00bb abrasif sans silicone et \u00ab CS \u00bb avec silicone.<\/p>\n","protected":false},"excerpt":{"rendered":"<div><b>POLISSAGE SANS SILICONE POUR CARROSSERIE<\/b><\/div>\n","protected":false},"featured_media":8071,"template":"","meta":{"_acf_changed":false,"_seopress_robots_primary_cat":"","_seopress_titles_title":"","_seopress_titles_desc":"","_seopress_robots_index":"","_seopress_analysis_target_kw":""},"product_brand":[],"product_cat":[184],"product_tag":[],"class_list":{"0":"post-2728","1":"product","2":"type-product","3":"status-publish","4":"has-post-thumbnail","6":"product_cat-linea-atascar-fr","8":"first","9":"instock","10":"shipping-taxable","11":"product-type-simple"},"acf":[],"_links":{"self":[{"href":"https:\/\/www.atassrl.it\/fr\/wp-json\/wp\/v2\/product\/2728","targetHints":{"allow":["GET"]}}],"collection":[{"href":"https:\/\/www.atassrl.it\/fr\/wp-json\/wp\/v2\/product"}],"about":[{"href":"https:\/\/www.atassrl.it\/fr\/wp-json\/wp\/v2\/types\/product"}],"wp:featuredmedia":[{"embeddable":true,"href":"https:\/\/www.atassrl.it\/fr\/wp-json\/wp\/v2\/media\/8071"}],"wp:attachment":[{"href":"https:\/\/www.atassrl.it\/fr\/wp-json\/wp\/v2\/media?parent=2728"}],"wp:term":[{"taxonomy":"product_brand","embeddable":true,"href":"https:\/\/www.atassrl.it\/fr\/wp-json\/wp\/v2\/product_brand?post=2728"},{"taxonomy":"product_cat","embeddable":true,"href":"https:\/\/www.atassrl.it\/fr\/wp-json\/wp\/v2\/product_cat?post=2728"},{"taxonomy":"product_tag","embeddable":true,"href":"https:\/\/www.atassrl.it\/fr\/wp-json\/wp\/v2\/product_tag?post=2728"}],"curies":[{"name":"wp","href":"https:\/\/api.w.org\/{rel}","templated":true}]}}