{"id":2731,"date":"2019-07-04T15:39:50","date_gmt":"2019-07-04T13:39:50","guid":{"rendered":"http:\/\/atas.devsrvr.net\/prodotto\/waxy-cream\/"},"modified":"2022-07-01T17:01:34","modified_gmt":"2022-07-01T15:01:34","slug":"waxy-cream","status":"publish","type":"product","link":"https:\/\/www.atassrl.it\/fr\/prodotto\/waxy-cream\/","title":{"rendered":"WAXY CREAM"},"content":{"rendered":"<p style=\"font-weight: 400;\">Avec une teneur \u00e9lev\u00e9e en cires et silicones, il \u00e9limine l&rsquo;oxydation et l&rsquo;opacit\u00e9 des carrosseries de voitures et de motos. Il laisse un film protecteur mince et durable qui prot\u00e8ge contre les pluies acides, le smog et la lumi\u00e8re du soleil. Il assure un r\u00e9sultat brillant.<\/p>\n","protected":false},"excerpt":{"rendered":"<div><b><span lang=\"DE\">CR\u00c8ME POLISSANTE PROTECTRICE<\/span><\/b><\/div>\n","protected":false},"featured_media":8066,"template":"","meta":{"_acf_changed":false,"_seopress_robots_primary_cat":"","_seopress_titles_title":"","_seopress_titles_desc":"","_seopress_robots_index":"","_seopress_analysis_target_kw":""},"product_brand":[],"product_cat":[184],"product_tag":[],"class_list":{"0":"post-2731","1":"product","2":"type-product","3":"status-publish","4":"has-post-thumbnail","6":"product_cat-linea-atascar-fr","8":"first","9":"instock","10":"shipping-taxable","11":"product-type-simple"},"acf":[],"_links":{"self":[{"href":"https:\/\/www.atassrl.it\/fr\/wp-json\/wp\/v2\/product\/2731","targetHints":{"allow":["GET"]}}],"collection":[{"href":"https:\/\/www.atassrl.it\/fr\/wp-json\/wp\/v2\/product"}],"about":[{"href":"https:\/\/www.atassrl.it\/fr\/wp-json\/wp\/v2\/types\/product"}],"wp:featuredmedia":[{"embeddable":true,"href":"https:\/\/www.atassrl.it\/fr\/wp-json\/wp\/v2\/media\/8066"}],"wp:attachment":[{"href":"https:\/\/www.atassrl.it\/fr\/wp-json\/wp\/v2\/media?parent=2731"}],"wp:term":[{"taxonomy":"product_brand","embeddable":true,"href":"https:\/\/www.atassrl.it\/fr\/wp-json\/wp\/v2\/product_brand?post=2731"},{"taxonomy":"product_cat","embeddable":true,"href":"https:\/\/www.atassrl.it\/fr\/wp-json\/wp\/v2\/product_cat?post=2731"},{"taxonomy":"product_tag","embeddable":true,"href":"https:\/\/www.atassrl.it\/fr\/wp-json\/wp\/v2\/product_tag?post=2731"}],"curies":[{"name":"wp","href":"https:\/\/api.w.org\/{rel}","templated":true}]}}