{"id":2732,"date":"2019-07-04T15:44:10","date_gmt":"2019-07-04T13:44:10","guid":{"rendered":"http:\/\/atas.devsrvr.net\/prodotto\/waxy-2000\/"},"modified":"2022-07-01T16:59:28","modified_gmt":"2022-07-01T14:59:28","slug":"waxy-2000","status":"publish","type":"product","link":"https:\/\/www.atassrl.it\/fr\/prodotto\/waxy-2000\/","title":{"rendered":"WAXY 2000"},"content":{"rendered":"<p style=\"font-weight: 400;\">Nouvelle formule riche en cires et silicones naturelles, adapt\u00e9e aux traitements de polissage rapide. Il garantit une protection maximale contre les agents atmosph\u00e9riques. Il renouvelle les peintures m\u00e9tallis\u00e9es et pastel vieillies, \u00e9limine les taches d&rsquo;insectes, d&rsquo;asphalte et de smog. Convient \u00e9galement aux motos, scooters, camping-cars et caravanes.<\/p>\n","protected":false},"excerpt":{"rendered":"<div><b><span lang=\"DE\">CR\u00c8ME POLISSANTE PROTECTRICE<\/span><\/b><\/div>\n","protected":false},"featured_media":2441,"template":"","meta":{"_acf_changed":false,"_seopress_robots_primary_cat":"","_seopress_titles_title":"","_seopress_titles_desc":"","_seopress_robots_index":"","_seopress_analysis_target_kw":""},"product_brand":[],"product_cat":[184],"product_tag":[],"class_list":{"0":"post-2732","1":"product","2":"type-product","3":"status-publish","4":"has-post-thumbnail","6":"product_cat-linea-atascar-fr","8":"first","9":"instock","10":"shipping-taxable","11":"product-type-variable"},"acf":[],"_links":{"self":[{"href":"https:\/\/www.atassrl.it\/fr\/wp-json\/wp\/v2\/product\/2732","targetHints":{"allow":["GET"]}}],"collection":[{"href":"https:\/\/www.atassrl.it\/fr\/wp-json\/wp\/v2\/product"}],"about":[{"href":"https:\/\/www.atassrl.it\/fr\/wp-json\/wp\/v2\/types\/product"}],"wp:featuredmedia":[{"embeddable":true,"href":"https:\/\/www.atassrl.it\/fr\/wp-json\/wp\/v2\/media\/2441"}],"wp:attachment":[{"href":"https:\/\/www.atassrl.it\/fr\/wp-json\/wp\/v2\/media?parent=2732"}],"wp:term":[{"taxonomy":"product_brand","embeddable":true,"href":"https:\/\/www.atassrl.it\/fr\/wp-json\/wp\/v2\/product_brand?post=2732"},{"taxonomy":"product_cat","embeddable":true,"href":"https:\/\/www.atassrl.it\/fr\/wp-json\/wp\/v2\/product_cat?post=2732"},{"taxonomy":"product_tag","embeddable":true,"href":"https:\/\/www.atassrl.it\/fr\/wp-json\/wp\/v2\/product_tag?post=2732"}],"curies":[{"name":"wp","href":"https:\/\/api.w.org\/{rel}","templated":true}]}}