{"id":2741,"date":"2019-07-04T15:47:18","date_gmt":"2019-07-04T13:47:18","guid":{"rendered":"http:\/\/atas.devsrvr.net\/prodotto\/waxy-2000-2\/"},"modified":"2022-07-01T16:58:24","modified_gmt":"2022-07-01T14:58:24","slug":"waxy-2000-2","status":"publish","type":"product","link":"https:\/\/www.atassrl.it\/fr\/prodotto\/waxy-2000-2\/","title":{"rendered":"WAXY 2000"},"content":{"rendered":"<p style=\"font-weight: 400;\">P\u00e2te \u00e0 polir protectrice l\u00e9g\u00e8rement abrasive \u00e0 base de cires naturelles et de silicones. Il \u00e9limine les signes dus aux rayures l\u00e9g\u00e8res et aux taches diverses, redonnant \u00e0 la carrosserie son \u00e9clat d&rsquo;origine. Convient aux peintures pastel et m\u00e9tallis\u00e9es.<\/p>\n","protected":false},"excerpt":{"rendered":"<div><b><span lang=\"DE\">CR\u00c8ME \u00c0 POLIR ABRASIVE<\/span><\/b><\/div>\n","protected":false},"featured_media":2442,"template":"","meta":{"_acf_changed":false,"_seopress_robots_primary_cat":"","_seopress_titles_title":"","_seopress_titles_desc":"","_seopress_robots_index":"","_seopress_analysis_target_kw":""},"product_brand":[],"product_cat":[184],"product_tag":[],"class_list":{"0":"post-2741","1":"product","2":"type-product","3":"status-publish","4":"has-post-thumbnail","6":"product_cat-linea-atascar-fr","8":"first","9":"instock","10":"shipping-taxable","11":"product-type-variable"},"acf":[],"_links":{"self":[{"href":"https:\/\/www.atassrl.it\/fr\/wp-json\/wp\/v2\/product\/2741","targetHints":{"allow":["GET"]}}],"collection":[{"href":"https:\/\/www.atassrl.it\/fr\/wp-json\/wp\/v2\/product"}],"about":[{"href":"https:\/\/www.atassrl.it\/fr\/wp-json\/wp\/v2\/types\/product"}],"wp:featuredmedia":[{"embeddable":true,"href":"https:\/\/www.atassrl.it\/fr\/wp-json\/wp\/v2\/media\/2442"}],"wp:attachment":[{"href":"https:\/\/www.atassrl.it\/fr\/wp-json\/wp\/v2\/media?parent=2741"}],"wp:term":[{"taxonomy":"product_brand","embeddable":true,"href":"https:\/\/www.atassrl.it\/fr\/wp-json\/wp\/v2\/product_brand?post=2741"},{"taxonomy":"product_cat","embeddable":true,"href":"https:\/\/www.atassrl.it\/fr\/wp-json\/wp\/v2\/product_cat?post=2741"},{"taxonomy":"product_tag","embeddable":true,"href":"https:\/\/www.atassrl.it\/fr\/wp-json\/wp\/v2\/product_tag?post=2741"}],"curies":[{"name":"wp","href":"https:\/\/api.w.org\/{rel}","templated":true}]}}