{"id":2753,"date":"2019-07-04T16:01:32","date_gmt":"2019-07-04T14:01:32","guid":{"rendered":"http:\/\/atas.devsrvr.net\/prodotto\/dalmec\/"},"modified":"2022-07-04T17:41:28","modified_gmt":"2022-07-04T15:41:28","slug":"dalmec","status":"publish","type":"product","link":"https:\/\/www.atassrl.it\/fr\/prodotto\/dalmec\/","title":{"rendered":"DALMEC"},"content":{"rendered":"<div class=\"page\" title=\"Page 14\">\n<div class=\"section\">\n<div class=\"layoutArea\">\n<div class=\"column\">\n<p style=\"font-weight: 400;\">D\u00e9tergent professionnel con\u00e7u pour d\u00e9graisser et nettoyer les moteurs mont\u00e9s sur les v\u00e9hicules et les pi\u00e8ces m\u00e9caniques en g\u00e9n\u00e9ral. A base d&rsquo;eau, gr\u00e2ce \u00e0 une puissante mousse alcaline, il \u00e9limine efficacement les boues et les graisses sans laisser de r\u00e9sidus. Agr\u00e9ablement parfum\u00e9, il ne contient pas de solvants p\u00e9troliers et se rince facilement.<\/p>\n<\/div>\n<\/div>\n<\/div>\n<\/div>\n","protected":false},"excerpt":{"rendered":"<div class=\"page\" title=\"Page 14\">\n<div class=\"section\">\n<div class=\"layoutArea\">\n<div class=\"column\">\n<p style=\"font-weight: 400;\"><strong>D\u00c9GRAISSANT POUR PI\u00c8CES M\u00c9CANIQUES<\/strong><\/p>\n<\/div>\n<\/div>\n<\/div>\n<\/div>\n","protected":false},"featured_media":8635,"template":"","meta":{"_acf_changed":false,"_seopress_robots_primary_cat":"","_seopress_titles_title":"","_seopress_titles_desc":"","_seopress_robots_index":"","_seopress_analysis_target_kw":""},"product_brand":[],"product_cat":[848,184],"product_tag":[878],"class_list":{"0":"post-2753","1":"product","2":"type-product","3":"status-publish","4":"has-post-thumbnail","6":"product_cat-degraissant-pieces-mecaniques","7":"product_cat-linea-atascar-fr","8":"product_tag-produits-techniques","10":"first","11":"instock","12":"shipping-taxable","13":"product-type-simple"},"acf":[],"_links":{"self":[{"href":"https:\/\/www.atassrl.it\/fr\/wp-json\/wp\/v2\/product\/2753","targetHints":{"allow":["GET"]}}],"collection":[{"href":"https:\/\/www.atassrl.it\/fr\/wp-json\/wp\/v2\/product"}],"about":[{"href":"https:\/\/www.atassrl.it\/fr\/wp-json\/wp\/v2\/types\/product"}],"wp:featuredmedia":[{"embeddable":true,"href":"https:\/\/www.atassrl.it\/fr\/wp-json\/wp\/v2\/media\/8635"}],"wp:attachment":[{"href":"https:\/\/www.atassrl.it\/fr\/wp-json\/wp\/v2\/media?parent=2753"}],"wp:term":[{"taxonomy":"product_brand","embeddable":true,"href":"https:\/\/www.atassrl.it\/fr\/wp-json\/wp\/v2\/product_brand?post=2753"},{"taxonomy":"product_cat","embeddable":true,"href":"https:\/\/www.atassrl.it\/fr\/wp-json\/wp\/v2\/product_cat?post=2753"},{"taxonomy":"product_tag","embeddable":true,"href":"https:\/\/www.atassrl.it\/fr\/wp-json\/wp\/v2\/product_tag?post=2753"}],"curies":[{"name":"wp","href":"https:\/\/api.w.org\/{rel}","templated":true}]}}