{"id":2756,"date":"2019-07-04T16:05:40","date_gmt":"2019-07-04T14:05:40","guid":{"rendered":"http:\/\/atas.devsrvr.net\/prodotto\/vinet\/"},"modified":"2022-07-04T10:21:15","modified_gmt":"2022-07-04T08:21:15","slug":"vinet","status":"publish","type":"product","link":"https:\/\/www.atassrl.it\/fr\/prodotto\/vinet\/","title":{"rendered":"VINET"},"content":{"rendered":"<div class=\"page\" title=\"Page 15\">\n<div class=\"section\">\n<div class=\"layoutArea\">\n<div class=\"column\">\n<p style=\"font-weight: 400;\">Liquide actif \u00e0 haut pouvoir nettoyant adapt\u00e9 aux int\u00e9rieurs de voitures, camping-cars et caravanes, surfaces en plastique et cuir vinyle, pour nettoyer les pi\u00e8ces m\u00e9caniques, les volets, les meubles de jardin, les outils, le linol\u00e9um, les surfaces stratifi\u00e9es et laqu\u00e9es. Il d\u00e9graisse, assainit et ravive les couleurs sans laisser de r\u00e9sidus. Disponible \u00e0 la fois dans la version mousse de 400 ml et dans la version liquide, toutes deux \u00e0 usage manuel.<\/p>\n<\/div>\n<\/div>\n<\/div>\n<\/div>\n","protected":false},"excerpt":{"rendered":"<div class=\"page\" title=\"Page 15\">\n<div class=\"section\">\n<div class=\"layoutArea\">\n<div class=\"column\">\n<div><b><span lang=\"DE\">D\u00c9TERGENT MULTI-USAGES<\/span><\/b><\/div>\n<\/div>\n<\/div>\n<\/div>\n<\/div>\n","protected":false},"featured_media":8266,"template":"","meta":{"_acf_changed":false,"_seopress_robots_primary_cat":"","_seopress_titles_title":"","_seopress_titles_desc":"","_seopress_robots_index":"","_seopress_analysis_target_kw":""},"product_brand":[],"product_cat":[184],"product_tag":[],"class_list":{"0":"post-2756","1":"product","2":"type-product","3":"status-publish","4":"has-post-thumbnail","6":"product_cat-linea-atascar-fr","8":"first","9":"instock","10":"shipping-taxable","11":"product-type-variable"},"acf":[],"_links":{"self":[{"href":"https:\/\/www.atassrl.it\/fr\/wp-json\/wp\/v2\/product\/2756","targetHints":{"allow":["GET"]}}],"collection":[{"href":"https:\/\/www.atassrl.it\/fr\/wp-json\/wp\/v2\/product"}],"about":[{"href":"https:\/\/www.atassrl.it\/fr\/wp-json\/wp\/v2\/types\/product"}],"wp:featuredmedia":[{"embeddable":true,"href":"https:\/\/www.atassrl.it\/fr\/wp-json\/wp\/v2\/media\/8266"}],"wp:attachment":[{"href":"https:\/\/www.atassrl.it\/fr\/wp-json\/wp\/v2\/media?parent=2756"}],"wp:term":[{"taxonomy":"product_brand","embeddable":true,"href":"https:\/\/www.atassrl.it\/fr\/wp-json\/wp\/v2\/product_brand?post=2756"},{"taxonomy":"product_cat","embeddable":true,"href":"https:\/\/www.atassrl.it\/fr\/wp-json\/wp\/v2\/product_cat?post=2756"},{"taxonomy":"product_tag","embeddable":true,"href":"https:\/\/www.atassrl.it\/fr\/wp-json\/wp\/v2\/product_tag?post=2756"}],"curies":[{"name":"wp","href":"https:\/\/api.w.org\/{rel}","templated":true}]}}