{"id":2765,"date":"2019-07-04T16:10:40","date_gmt":"2019-07-04T14:10:40","guid":{"rendered":"http:\/\/atas.devsrvr.net\/prodotto\/netins\/"},"modified":"2022-07-06T11:55:34","modified_gmt":"2022-07-06T09:55:34","slug":"netins","status":"publish","type":"product","link":"https:\/\/www.atassrl.it\/fr\/prodotto\/netins\/","title":{"rendered":"NETINS"},"content":{"rendered":"<div class=\"page\" title=\"Page 15\">\n<div class=\"section\">\n<div class=\"layoutArea\">\n<div class=\"column\">\n<p>Il \u00e9limine rapidement les r\u00e9sidus organiques dus aux moucherons et insectes divers des vitres et carrosseries des voitures. Il ne laisse pas d&rsquo;aur\u00e9oles et n&rsquo;ab\u00eeme pas les plastiques et les caoutchoucs. Disponible en versions pr\u00eates \u00e0 l&#8217;emploi et concentr\u00e9es \u00e0 utiliser dans le bac sp\u00e9cial m\u00e9lang\u00e9 avec du nettoyant pour vitres ou de l&rsquo;eau (en 6-8 litres pour le format 250 ml, en 12-15 litres pour le 500 ml).<\/p>\n<\/div>\n<\/div>\n<\/div>\n<\/div>\n","protected":false},"excerpt":{"rendered":"<div class=\"page\" title=\"Page 15\">\n<div class=\"section\">\n<div class=\"layoutArea\">\n<div class=\"column\">\n<div><b><span lang=\"DE\">\u00c9LIMINATEUR D&rsquo;INSECTES<\/span><\/b><\/div>\n<\/div>\n<\/div>\n<\/div>\n<\/div>\n","protected":false},"featured_media":8751,"template":"","meta":{"_acf_changed":false,"_seopress_robots_primary_cat":"","_seopress_titles_title":"","_seopress_titles_desc":"","_seopress_robots_index":"","_seopress_analysis_target_kw":""},"product_brand":[],"product_cat":[184],"product_tag":[],"class_list":{"0":"post-2765","1":"product","2":"type-product","3":"status-publish","4":"has-post-thumbnail","6":"product_cat-linea-atascar-fr","8":"first","9":"instock","10":"shipping-taxable","11":"product-type-variable"},"acf":[],"_links":{"self":[{"href":"https:\/\/www.atassrl.it\/fr\/wp-json\/wp\/v2\/product\/2765","targetHints":{"allow":["GET"]}}],"collection":[{"href":"https:\/\/www.atassrl.it\/fr\/wp-json\/wp\/v2\/product"}],"about":[{"href":"https:\/\/www.atassrl.it\/fr\/wp-json\/wp\/v2\/types\/product"}],"wp:featuredmedia":[{"embeddable":true,"href":"https:\/\/www.atassrl.it\/fr\/wp-json\/wp\/v2\/media\/8751"}],"wp:attachment":[{"href":"https:\/\/www.atassrl.it\/fr\/wp-json\/wp\/v2\/media?parent=2765"}],"wp:term":[{"taxonomy":"product_brand","embeddable":true,"href":"https:\/\/www.atassrl.it\/fr\/wp-json\/wp\/v2\/product_brand?post=2765"},{"taxonomy":"product_cat","embeddable":true,"href":"https:\/\/www.atassrl.it\/fr\/wp-json\/wp\/v2\/product_cat?post=2765"},{"taxonomy":"product_tag","embeddable":true,"href":"https:\/\/www.atassrl.it\/fr\/wp-json\/wp\/v2\/product_tag?post=2765"}],"curies":[{"name":"wp","href":"https:\/\/api.w.org\/{rel}","templated":true}]}}