{"id":2798,"date":"2019-07-04T16:26:18","date_gmt":"2019-07-04T14:26:18","guid":{"rendered":"http:\/\/atas.devsrvr.net\/prodotto\/at-301\/"},"modified":"2022-07-06T11:53:10","modified_gmt":"2022-07-06T09:53:10","slug":"at-301","status":"publish","type":"product","link":"https:\/\/www.atassrl.it\/fr\/prodotto\/at-301\/","title":{"rendered":"AT 301"},"content":{"rendered":"<div class=\"page\" title=\"Page 17\">\n<div class=\"section\">\n<div class=\"layoutArea\">\n<div class=\"column\">\n<p style=\"font-weight: 400;\">D\u00e9tergent neutre \u00e0 action polissante sp\u00e9cifique pour les surfaces dures. Adapt\u00e9 au nettoyage fr\u00e9quent des robinets, verres, miroirs et cristaux, il peut \u00e9galement \u00eatre utilis\u00e9 pour nettoyer et polir de petites surfaces en acier, y compris satin\u00e9. Il dissout rapidement m\u00eame la salet\u00e9 grasse, ne laisse pas de traces et ne n\u00e9cessite pas de rin\u00e7age. Avec une action antistatique, il repousse la poussi\u00e8re et emp\u00eache la salet\u00e9 d&rsquo;adh\u00e9rer de mani\u00e8re tenace aux surfaces.<\/p>\n<\/div>\n<\/div>\n<\/div>\n<\/div>\n","protected":false},"excerpt":{"rendered":"<div class=\"page\" title=\"Page 17\">\n<div class=\"section\">\n<div class=\"layoutArea\">\n<div class=\"column\">\n<div><b><span lang=\"DE\">D\u00c9TERGENT POUR ACIER, ROBINETS ET VERRES<\/span><\/b><\/div>\n<\/div>\n<\/div>\n<\/div>\n<\/div>\n","protected":false},"featured_media":8746,"template":"","meta":{"_acf_changed":false,"_seopress_robots_primary_cat":"","_seopress_titles_title":"","_seopress_titles_desc":"","_seopress_robots_index":"","_seopress_analysis_target_kw":""},"product_brand":[],"product_cat":[184],"product_tag":[],"class_list":{"0":"post-2798","1":"product","2":"type-product","3":"status-publish","4":"has-post-thumbnail","6":"product_cat-linea-atascar-fr","8":"first","9":"instock","10":"shipping-taxable","11":"product-type-simple"},"acf":[],"_links":{"self":[{"href":"https:\/\/www.atassrl.it\/fr\/wp-json\/wp\/v2\/product\/2798","targetHints":{"allow":["GET"]}}],"collection":[{"href":"https:\/\/www.atassrl.it\/fr\/wp-json\/wp\/v2\/product"}],"about":[{"href":"https:\/\/www.atassrl.it\/fr\/wp-json\/wp\/v2\/types\/product"}],"wp:featuredmedia":[{"embeddable":true,"href":"https:\/\/www.atassrl.it\/fr\/wp-json\/wp\/v2\/media\/8746"}],"wp:attachment":[{"href":"https:\/\/www.atassrl.it\/fr\/wp-json\/wp\/v2\/media?parent=2798"}],"wp:term":[{"taxonomy":"product_brand","embeddable":true,"href":"https:\/\/www.atassrl.it\/fr\/wp-json\/wp\/v2\/product_brand?post=2798"},{"taxonomy":"product_cat","embeddable":true,"href":"https:\/\/www.atassrl.it\/fr\/wp-json\/wp\/v2\/product_cat?post=2798"},{"taxonomy":"product_tag","embeddable":true,"href":"https:\/\/www.atassrl.it\/fr\/wp-json\/wp\/v2\/product_tag?post=2798"}],"curies":[{"name":"wp","href":"https:\/\/api.w.org\/{rel}","templated":true}]}}