{"id":2810,"date":"2019-07-04T16:33:53","date_gmt":"2019-07-04T14:33:53","guid":{"rendered":"http:\/\/atas.devsrvr.net\/prodotto\/rinpel\/"},"modified":"2022-07-04T10:54:11","modified_gmt":"2022-07-04T08:54:11","slug":"rinpel","status":"publish","type":"product","link":"https:\/\/www.atassrl.it\/fr\/prodotto\/rinpel\/","title":{"rendered":"RINPEL"},"content":{"rendered":"<div class=\"page\" title=\"Page 18\">\n<div class=\"section\">\n<div class=\"layoutArea\">\n<div class=\"column\">\n<p style=\"font-weight: 400;\">D\u00e9tergent parfum\u00e9 \u00e0 action nettoyante et ravivatrice de couleur pour les surfaces en cuir naturel et synth\u00e9tique. A base de cires naturelles pr\u00e9cieuses et d&rsquo;huiles \u00e9mollientes, il donne de l&rsquo;\u00e9clat aux parties trait\u00e9es, les laissant agr\u00e9ablement douces et prot\u00e9g\u00e9es. Avec un effet hydratant, il pr\u00e9vient la formation de fissures. Convient pour les si\u00e8ges et les int\u00e9rieurs de voiture, les fauteuils et les canap\u00e9s.<\/p>\n<\/div>\n<\/div>\n<\/div>\n<\/div>\n","protected":false},"excerpt":{"rendered":"<div class=\"page\" title=\"Page 18\">\n<div class=\"section\">\n<div class=\"layoutArea\">\n<div class=\"column\">\n<div><b><span lang=\"DE\">NETTOYANT ET POLISSEUR POUR CUIR<\/span><\/b><\/div>\n<\/div>\n<\/div>\n<\/div>\n<\/div>\n","protected":false},"featured_media":8295,"template":"","meta":{"_acf_changed":false,"_seopress_robots_primary_cat":"","_seopress_titles_title":"","_seopress_titles_desc":"","_seopress_robots_index":"","_seopress_analysis_target_kw":""},"product_brand":[],"product_cat":[184,828],"product_tag":[857],"class_list":{"0":"post-2810","1":"product","2":"type-product","3":"status-publish","4":"has-post-thumbnail","6":"product_cat-linea-atascar-fr","7":"product_cat-polissages-pour-interieurs","8":"product_tag-applications-speciales","10":"first","11":"instock","12":"shipping-taxable","13":"product-type-variable"},"acf":[],"_links":{"self":[{"href":"https:\/\/www.atassrl.it\/fr\/wp-json\/wp\/v2\/product\/2810","targetHints":{"allow":["GET"]}}],"collection":[{"href":"https:\/\/www.atassrl.it\/fr\/wp-json\/wp\/v2\/product"}],"about":[{"href":"https:\/\/www.atassrl.it\/fr\/wp-json\/wp\/v2\/types\/product"}],"wp:featuredmedia":[{"embeddable":true,"href":"https:\/\/www.atassrl.it\/fr\/wp-json\/wp\/v2\/media\/8295"}],"wp:attachment":[{"href":"https:\/\/www.atassrl.it\/fr\/wp-json\/wp\/v2\/media?parent=2810"}],"wp:term":[{"taxonomy":"product_brand","embeddable":true,"href":"https:\/\/www.atassrl.it\/fr\/wp-json\/wp\/v2\/product_brand?post=2810"},{"taxonomy":"product_cat","embeddable":true,"href":"https:\/\/www.atassrl.it\/fr\/wp-json\/wp\/v2\/product_cat?post=2810"},{"taxonomy":"product_tag","embeddable":true,"href":"https:\/\/www.atassrl.it\/fr\/wp-json\/wp\/v2\/product_tag?post=2810"}],"curies":[{"name":"wp","href":"https:\/\/api.w.org\/{rel}","templated":true}]}}