{"id":2825,"date":"2019-07-04T16:47:26","date_gmt":"2019-07-04T14:47:26","guid":{"rendered":"http:\/\/atas.devsrvr.net\/prodotto\/siger\/"},"modified":"2022-07-04T18:04:57","modified_gmt":"2022-07-04T16:04:57","slug":"siger","status":"publish","type":"product","link":"https:\/\/www.atassrl.it\/fr\/prodotto\/siger\/","title":{"rendered":"SIGER"},"content":{"rendered":"<div class=\"page\" title=\"Page 19\">\n<div class=\"section\">\n<div class=\"layoutArea\">\n<div class=\"column\">\n<p style=\"font-weight: 400;\">P\u00e2te sp\u00e9ciale d\u00e9velopp\u00e9e pour cr\u00e9er ou remplacer tout type de garniture. Il forme une couche auto-vulcanisante \u00e0 froid de l&rsquo;\u00e9paisseur souhait\u00e9e. Il ne coule pas, peut \u00eatre utilis\u00e9 \u00e0 la verticale, r\u00e9siste aux huiles, solvants, eau, glycols, graisses, et aux hautes et basses temp\u00e9ratures (-70\/+300\u00b0C). Convient pour l&rsquo;accouplement de moteurs, carters, carter d&rsquo;huile, pompes, etc. Ne pas utiliser pour l&rsquo;accouplement de pi\u00e8ces en t\u00e9flon, poly\u00e9thyl\u00e8ne et moplen.<\/p>\n<\/div>\n<\/div>\n<\/div>\n<\/div>\n","protected":false},"excerpt":{"rendered":"<div class=\"page\" title=\"Page 19\">\n<div class=\"section\">\n<div class=\"layoutArea\">\n<div class=\"column\">\n<div><b><span lang=\"DE\">MASTIC SILLICON (AC\u00c9TIQUE)<\/span><\/b><\/div>\n<\/div>\n<\/div>\n<\/div>\n<\/div>\n","protected":false},"featured_media":8665,"template":"","meta":{"_acf_changed":false,"_seopress_robots_primary_cat":"","_seopress_titles_title":"","_seopress_titles_desc":"","_seopress_robots_index":"","_seopress_analysis_target_kw":""},"product_brand":[],"product_cat":[184],"product_tag":[],"class_list":{"0":"post-2825","1":"product","2":"type-product","3":"status-publish","4":"has-post-thumbnail","6":"product_cat-linea-atascar-fr","8":"first","9":"instock","10":"shipping-taxable","11":"product-type-variable"},"acf":[],"_links":{"self":[{"href":"https:\/\/www.atassrl.it\/fr\/wp-json\/wp\/v2\/product\/2825","targetHints":{"allow":["GET"]}}],"collection":[{"href":"https:\/\/www.atassrl.it\/fr\/wp-json\/wp\/v2\/product"}],"about":[{"href":"https:\/\/www.atassrl.it\/fr\/wp-json\/wp\/v2\/types\/product"}],"wp:featuredmedia":[{"embeddable":true,"href":"https:\/\/www.atassrl.it\/fr\/wp-json\/wp\/v2\/media\/8665"}],"wp:attachment":[{"href":"https:\/\/www.atassrl.it\/fr\/wp-json\/wp\/v2\/media?parent=2825"}],"wp:term":[{"taxonomy":"product_brand","embeddable":true,"href":"https:\/\/www.atassrl.it\/fr\/wp-json\/wp\/v2\/product_brand?post=2825"},{"taxonomy":"product_cat","embeddable":true,"href":"https:\/\/www.atassrl.it\/fr\/wp-json\/wp\/v2\/product_cat?post=2825"},{"taxonomy":"product_tag","embeddable":true,"href":"https:\/\/www.atassrl.it\/fr\/wp-json\/wp\/v2\/product_tag?post=2825"}],"curies":[{"name":"wp","href":"https:\/\/api.w.org\/{rel}","templated":true}]}}