{"id":2834,"date":"2019-07-04T17:01:08","date_gmt":"2019-07-04T15:01:08","guid":{"rendered":"http:\/\/atas.devsrvr.net\/prodotto\/siger-bs200\/"},"modified":"2022-07-04T18:06:10","modified_gmt":"2022-07-04T16:06:10","slug":"siger-bs200","status":"publish","type":"product","link":"https:\/\/www.atassrl.it\/fr\/prodotto\/siger-bs200\/","title":{"rendered":"SIGER BS200"},"content":{"rendered":"<div class=\"page\" title=\"Page 19\">\n<div class=\"section\">\n<div class=\"layoutArea\">\n<div class=\"column\">\n<p style=\"font-weight: 400;\">Sp\u00e9cifique pour les applications automobiles, agricoles et industrielles. Haute r\u00e9sistance \u00e0 l&rsquo;huile et grande flexibilit\u00e9, il n&rsquo;endommage pas les sondes lambda et les catalyseurs. R\u00e9sistant aux graisses, glycols, acides, essence, vapeur et eau. Utilisations typiques: joints de culasse, carter d&rsquo;huile, couvercle de poussoir, collecteur d&rsquo;admission, bo\u00eete de vitesses, couvercle de diff\u00e9rentiel, pompe \u00e0 eau, thermostat, raccords hydrauliques et tuyaux. Mode d&#8217;emploi: appliquer une couche uniforme sur des surfaces propres et s\u00e8ches. Attendre 15\/20 minutes avant de proc\u00e9der au montage. Il peut \u00eatre utilis\u00e9 en conjonction avec des joints pr\u00e9form\u00e9s pour am\u00e9liorer leur capacit\u00e9 d&rsquo;\u00e9tanch\u00e9it\u00e9.<\/p>\n<\/div>\n<\/div>\n<\/div>\n<\/div>\n","protected":false},"excerpt":{"rendered":"<div class=\"page\" title=\"Page 19\">\n<div class=\"section\">\n<div class=\"layoutArea\">\n<div class=\"column\">\n<div><b><span lang=\"DE\">P\u00c2TE D&rsquo;\u00c9TANCH\u00c9IT\u00c9 AU SILICONE<\/span><\/b><\/div>\n<\/div>\n<\/div>\n<\/div>\n<\/div>\n","protected":false},"featured_media":8670,"template":"","meta":{"_acf_changed":false,"_seopress_robots_primary_cat":"","_seopress_titles_title":"","_seopress_titles_desc":"","_seopress_robots_index":"","_seopress_analysis_target_kw":""},"product_brand":[],"product_cat":[184],"product_tag":[],"class_list":{"0":"post-2834","1":"product","2":"type-product","3":"status-publish","4":"has-post-thumbnail","6":"product_cat-linea-atascar-fr","8":"first","9":"instock","10":"shipping-taxable","11":"product-type-variable"},"acf":[],"_links":{"self":[{"href":"https:\/\/www.atassrl.it\/fr\/wp-json\/wp\/v2\/product\/2834","targetHints":{"allow":["GET"]}}],"collection":[{"href":"https:\/\/www.atassrl.it\/fr\/wp-json\/wp\/v2\/product"}],"about":[{"href":"https:\/\/www.atassrl.it\/fr\/wp-json\/wp\/v2\/types\/product"}],"wp:featuredmedia":[{"embeddable":true,"href":"https:\/\/www.atassrl.it\/fr\/wp-json\/wp\/v2\/media\/8670"}],"wp:attachment":[{"href":"https:\/\/www.atassrl.it\/fr\/wp-json\/wp\/v2\/media?parent=2834"}],"wp:term":[{"taxonomy":"product_brand","embeddable":true,"href":"https:\/\/www.atassrl.it\/fr\/wp-json\/wp\/v2\/product_brand?post=2834"},{"taxonomy":"product_cat","embeddable":true,"href":"https:\/\/www.atassrl.it\/fr\/wp-json\/wp\/v2\/product_cat?post=2834"},{"taxonomy":"product_tag","embeddable":true,"href":"https:\/\/www.atassrl.it\/fr\/wp-json\/wp\/v2\/product_tag?post=2834"}],"curies":[{"name":"wp","href":"https:\/\/api.w.org\/{rel}","templated":true}]}}