{"id":2840,"date":"2019-07-04T17:14:28","date_gmt":"2019-07-04T15:14:28","guid":{"rendered":"http:\/\/atas.devsrvr.net\/prodotto\/pluri\/"},"modified":"2022-07-04T10:23:38","modified_gmt":"2022-07-04T08:23:38","slug":"pluri","status":"publish","type":"product","link":"https:\/\/www.atassrl.it\/fr\/prodotto\/pluri\/","title":{"rendered":"PLURI"},"content":{"rendered":"<div class=\"page\" title=\"Page 20\">\n<div class=\"layoutArea\">\n<div class=\"column\">\n<p style=\"font-weight: 400;\">Produit alcalin hautement concentr\u00e9 adapt\u00e9 au nettoyage des surfaces dures en g\u00e9n\u00e9ral. Il \u00e9limine rapidement et en profondeur les salissures, m\u00eame incrust\u00e9es. Efficace sur la graisse, le smog, la suie, les r\u00e9sidus d&rsquo;huile, les boues, les marques de marqueur, etc. Diluable avec de l&rsquo;eau dans n&rsquo;importe quelle proportion, il est utilis\u00e9 dans d&rsquo;innombrables applications allant du secteur industriel au secteur domestique et des loisirs. Avec un faible pouvoir moussant, il se rince facilement. Suivez les instructions d&rsquo;utilisation indiqu\u00e9es sur l&rsquo;\u00e9tiquette.<\/p>\n<\/div>\n<\/div>\n<\/div>\n","protected":false},"excerpt":{"rendered":"<div class=\"page\" title=\"Page 20\">\n<div class=\"layoutArea\">\n<div class=\"column\">\n<div><b><span lang=\"DE\">D\u00c9GRAISSANT FORT POLYVALENT<\/span><\/b><\/div>\n<\/div>\n<\/div>\n<\/div>\n","protected":false},"featured_media":8278,"template":"","meta":{"_acf_changed":false,"_seopress_robots_primary_cat":"","_seopress_titles_title":"","_seopress_titles_desc":"","_seopress_robots_index":"","_seopress_analysis_target_kw":""},"product_brand":[],"product_cat":[184,840],"product_tag":[861],"class_list":{"0":"post-2840","1":"product","2":"type-product","3":"status-publish","4":"has-post-thumbnail","6":"product_cat-linea-atascar-fr","7":"product_cat-produits-pour-carrosseries","8":"product_tag-entretien-des-exterieurs","10":"first","11":"instock","12":"shipping-taxable","13":"product-type-simple"},"acf":[],"_links":{"self":[{"href":"https:\/\/www.atassrl.it\/fr\/wp-json\/wp\/v2\/product\/2840","targetHints":{"allow":["GET"]}}],"collection":[{"href":"https:\/\/www.atassrl.it\/fr\/wp-json\/wp\/v2\/product"}],"about":[{"href":"https:\/\/www.atassrl.it\/fr\/wp-json\/wp\/v2\/types\/product"}],"wp:featuredmedia":[{"embeddable":true,"href":"https:\/\/www.atassrl.it\/fr\/wp-json\/wp\/v2\/media\/8278"}],"wp:attachment":[{"href":"https:\/\/www.atassrl.it\/fr\/wp-json\/wp\/v2\/media?parent=2840"}],"wp:term":[{"taxonomy":"product_brand","embeddable":true,"href":"https:\/\/www.atassrl.it\/fr\/wp-json\/wp\/v2\/product_brand?post=2840"},{"taxonomy":"product_cat","embeddable":true,"href":"https:\/\/www.atassrl.it\/fr\/wp-json\/wp\/v2\/product_cat?post=2840"},{"taxonomy":"product_tag","embeddable":true,"href":"https:\/\/www.atassrl.it\/fr\/wp-json\/wp\/v2\/product_tag?post=2840"}],"curies":[{"name":"wp","href":"https:\/\/api.w.org\/{rel}","templated":true}]}}