{"id":2846,"date":"2019-07-04T17:19:06","date_gmt":"2019-07-04T15:19:06","guid":{"rendered":"http:\/\/atas.devsrvr.net\/prodotto\/dms-1508\/"},"modified":"2022-07-04T17:51:09","modified_gmt":"2022-07-04T15:51:09","slug":"dms-1508","status":"publish","type":"product","link":"https:\/\/www.atassrl.it\/fr\/prodotto\/dms-1508\/","title":{"rendered":"DMS 1508"},"content":{"rendered":"<div class=\"page\" title=\"Page 21\">\n<div class=\"section\">\n<div class=\"layoutArea\">\n<div class=\"column\">\n<p style=\"font-weight: 400;\">Riche en \u00e9mulsifiants, il dissout facilement les incrustations de graisses, boues et r\u00e9sidus d&rsquo;huile, laissant les surfaces propres et brillantes. Il n&rsquo;attaque pas les m\u00e9taux, en cas de contact avec des pi\u00e8ces peintes, des plastiques et des caoutchoucs, rincer rapidement. Convient pour le nettoyage des moteurs mont\u00e9s et des pi\u00e8ces m\u00e9caniques en g\u00e9n\u00e9ral.<\/p>\n<\/div>\n<\/div>\n<\/div>\n<\/div>\n","protected":false},"excerpt":{"rendered":"<div class=\"page\" title=\"Page 21\">\n<div class=\"section\">\n<div class=\"layoutArea\">\n<div class=\"column\">\n<div><b><span lang=\"DE\">D\u00c9GRAISSANT POUR PI\u00c8CES M\u00c9CANIQUES<\/span><\/b><\/div>\n<\/div>\n<\/div>\n<\/div>\n<\/div>\n","protected":false},"featured_media":8640,"template":"","meta":{"_acf_changed":false,"_seopress_robots_primary_cat":"","_seopress_titles_title":"","_seopress_titles_desc":"","_seopress_robots_index":"","_seopress_analysis_target_kw":""},"product_brand":[],"product_cat":[184],"product_tag":[],"class_list":{"0":"post-2846","1":"product","2":"type-product","3":"status-publish","4":"has-post-thumbnail","6":"product_cat-linea-atascar-fr","8":"first","9":"instock","10":"shipping-taxable","11":"product-type-simple"},"acf":[],"_links":{"self":[{"href":"https:\/\/www.atassrl.it\/fr\/wp-json\/wp\/v2\/product\/2846","targetHints":{"allow":["GET"]}}],"collection":[{"href":"https:\/\/www.atassrl.it\/fr\/wp-json\/wp\/v2\/product"}],"about":[{"href":"https:\/\/www.atassrl.it\/fr\/wp-json\/wp\/v2\/types\/product"}],"wp:featuredmedia":[{"embeddable":true,"href":"https:\/\/www.atassrl.it\/fr\/wp-json\/wp\/v2\/media\/8640"}],"wp:attachment":[{"href":"https:\/\/www.atassrl.it\/fr\/wp-json\/wp\/v2\/media?parent=2846"}],"wp:term":[{"taxonomy":"product_brand","embeddable":true,"href":"https:\/\/www.atassrl.it\/fr\/wp-json\/wp\/v2\/product_brand?post=2846"},{"taxonomy":"product_cat","embeddable":true,"href":"https:\/\/www.atassrl.it\/fr\/wp-json\/wp\/v2\/product_cat?post=2846"},{"taxonomy":"product_tag","embeddable":true,"href":"https:\/\/www.atassrl.it\/fr\/wp-json\/wp\/v2\/product_tag?post=2846"}],"curies":[{"name":"wp","href":"https:\/\/api.w.org\/{rel}","templated":true}]}}