{"id":2849,"date":"2019-07-04T17:21:45","date_gmt":"2019-07-04T15:21:45","guid":{"rendered":"http:\/\/atas.devsrvr.net\/prodotto\/silfren\/"},"modified":"2022-07-04T09:55:29","modified_gmt":"2022-07-04T07:55:29","slug":"silfren","status":"publish","type":"product","link":"https:\/\/www.atassrl.it\/fr\/prodotto\/silfren\/","title":{"rendered":"SILFREN"},"content":{"rendered":"<div class=\"page\" title=\"Page 21\">\n<div class=\"section\">\n<div class=\"layoutArea\">\n<div class=\"column\">\n<p style=\"font-weight: 400;\">Gr\u00e2ce \u00e0 la buse sp\u00e9ciale \u00e0 jet long, il \u00e9limine rapidement les incrustations d&rsquo;huile, de boue, de liquide de frein, de poussi\u00e8re de plaquette, de goudron et d&rsquo;oxydation de tout type de syst\u00e8me de freinage, sans op\u00e9rations de d\u00e9montage. S\u00e9chage rapide, il ne laisse aucun r\u00e9sidu et peut \u00e9galement \u00eatre utilis\u00e9 pour nettoyer les embrayages.<\/p>\n<\/div>\n<\/div>\n<\/div>\n<\/div>\n","protected":false},"excerpt":{"rendered":"<div class=\"page\" title=\"Page 21\">\n<div class=\"section\">\n<div class=\"layoutArea\">\n<div class=\"column\">\n<div><b><span lang=\"DE\">NETTOYANT POUR FREIN<\/span><\/b><\/div>\n<\/div>\n<\/div>\n<\/div>\n<\/div>\n","protected":false},"featured_media":8225,"template":"","meta":{"_acf_changed":false,"_seopress_robots_primary_cat":"","_seopress_titles_title":"","_seopress_titles_desc":"","_seopress_robots_index":"","_seopress_analysis_target_kw":""},"product_brand":[],"product_cat":[848,184,217],"product_tag":[878],"class_list":{"0":"post-2849","1":"product","2":"type-product","3":"status-publish","4":"has-post-thumbnail","6":"product_cat-degraissant-pieces-mecaniques","7":"product_cat-linea-atascar-fr","8":"product_cat-motos-et-velos","9":"product_tag-produits-techniques","11":"first","12":"instock","13":"shipping-taxable","14":"product-type-simple"},"acf":[],"_links":{"self":[{"href":"https:\/\/www.atassrl.it\/fr\/wp-json\/wp\/v2\/product\/2849","targetHints":{"allow":["GET"]}}],"collection":[{"href":"https:\/\/www.atassrl.it\/fr\/wp-json\/wp\/v2\/product"}],"about":[{"href":"https:\/\/www.atassrl.it\/fr\/wp-json\/wp\/v2\/types\/product"}],"wp:featuredmedia":[{"embeddable":true,"href":"https:\/\/www.atassrl.it\/fr\/wp-json\/wp\/v2\/media\/8225"}],"wp:attachment":[{"href":"https:\/\/www.atassrl.it\/fr\/wp-json\/wp\/v2\/media?parent=2849"}],"wp:term":[{"taxonomy":"product_brand","embeddable":true,"href":"https:\/\/www.atassrl.it\/fr\/wp-json\/wp\/v2\/product_brand?post=2849"},{"taxonomy":"product_cat","embeddable":true,"href":"https:\/\/www.atassrl.it\/fr\/wp-json\/wp\/v2\/product_cat?post=2849"},{"taxonomy":"product_tag","embeddable":true,"href":"https:\/\/www.atassrl.it\/fr\/wp-json\/wp\/v2\/product_tag?post=2849"}],"curies":[{"name":"wp","href":"https:\/\/api.w.org\/{rel}","templated":true}]}}