{"id":2861,"date":"2019-07-04T17:30:35","date_gmt":"2019-07-04T15:30:35","guid":{"rendered":"http:\/\/atas.devsrvr.net\/prodotto\/lusigen\/"},"modified":"2022-07-06T17:02:22","modified_gmt":"2022-07-06T15:02:22","slug":"lusigen","status":"publish","type":"product","link":"https:\/\/www.atassrl.it\/fr\/prodotto\/lusigen\/","title":{"rendered":"LUSIGEN"},"content":{"rendered":"<div class=\"page\" title=\"Page 23\">\n<div class=\"section\">\n<div class=\"layoutArea\">\n<div class=\"column\">\n<p style=\"font-weight: 400;\">Excellente formulation \u00e0 large spectre d&rsquo;action con\u00e7ue pour l&rsquo;assainissement des surfaces et des environnements en g\u00e9n\u00e9ral, m\u00eame dans les \u00e9coles et les soins de sant\u00e9. Il exerce \u00e9galement une action neutralisante valable contre les odeurs d\u00e9sagr\u00e9ables caus\u00e9es par les micro-organismes dans les cuisines, les salles de bain, les lits d&rsquo;animaux, la fum\u00e9e, etc. Il est \u00e9galement particuli\u00e8rement adapt\u00e9 au traitement des climatiseurs de voiture, de bureau et de maison, souvent source de situations contamin\u00e9es.<\/p>\n<\/div>\n<\/div>\n<\/div>\n<\/div>\n","protected":false},"excerpt":{"rendered":"<div class=\"page\" title=\"Page 23\">\n<div class=\"section\">\n<div class=\"layoutArea\">\n<div class=\"column\">\n<div><b><span lang=\"EN-GB\">ASSAINISSANT POUR CLIMATISEURS ET ENVIRONNEMENTS<\/span><\/b><\/div>\n<\/div>\n<\/div>\n<\/div>\n<\/div>\n","protected":false},"featured_media":8906,"template":"","meta":{"_acf_changed":false,"_seopress_robots_primary_cat":"","_seopress_titles_title":"","_seopress_titles_desc":"","_seopress_robots_index":"","_seopress_analysis_target_kw":""},"product_brand":[],"product_cat":[184],"product_tag":[],"class_list":{"0":"post-2861","1":"product","2":"type-product","3":"status-publish","4":"has-post-thumbnail","6":"product_cat-linea-atascar-fr","8":"first","9":"instock","10":"shipping-taxable","11":"product-type-simple"},"acf":[],"_links":{"self":[{"href":"https:\/\/www.atassrl.it\/fr\/wp-json\/wp\/v2\/product\/2861","targetHints":{"allow":["GET"]}}],"collection":[{"href":"https:\/\/www.atassrl.it\/fr\/wp-json\/wp\/v2\/product"}],"about":[{"href":"https:\/\/www.atassrl.it\/fr\/wp-json\/wp\/v2\/types\/product"}],"wp:featuredmedia":[{"embeddable":true,"href":"https:\/\/www.atassrl.it\/fr\/wp-json\/wp\/v2\/media\/8906"}],"wp:attachment":[{"href":"https:\/\/www.atassrl.it\/fr\/wp-json\/wp\/v2\/media?parent=2861"}],"wp:term":[{"taxonomy":"product_brand","embeddable":true,"href":"https:\/\/www.atassrl.it\/fr\/wp-json\/wp\/v2\/product_brand?post=2861"},{"taxonomy":"product_cat","embeddable":true,"href":"https:\/\/www.atassrl.it\/fr\/wp-json\/wp\/v2\/product_cat?post=2861"},{"taxonomy":"product_tag","embeddable":true,"href":"https:\/\/www.atassrl.it\/fr\/wp-json\/wp\/v2\/product_tag?post=2861"}],"curies":[{"name":"wp","href":"https:\/\/api.w.org\/{rel}","templated":true}]}}