{"id":2915,"date":"2019-07-04T17:52:21","date_gmt":"2019-07-04T15:52:21","guid":{"rendered":"http:\/\/atas.devsrvr.net\/prodotto\/clim\/"},"modified":"2022-07-06T17:13:33","modified_gmt":"2022-07-06T15:13:33","slug":"clim","status":"publish","type":"product","link":"https:\/\/www.atassrl.it\/fr\/prodotto\/clim\/","title":{"rendered":"CLIM"},"content":{"rendered":"<div class=\"page\" title=\"Page 26\">\n<div class=\"section\">\n<div class=\"layoutArea\">\n<div class=\"column\">\n<p style=\"font-weight: 400;\">Sp\u00e9cifiquement d\u00e9velopp\u00e9 pour assainisser l&rsquo;habitacle, le climatiseur et les bouches d&rsquo;a\u00e9ration de tout v\u00e9hicule. Antibact\u00e9rien, il \u00e9limine les odeurs dues aux micro-organismes, aux animaux, \u00e0 la fum\u00e9e et \u00e0 la condensation. Agr\u00e9ablement parfum\u00e9, il convient \u00e9galement au traitement des surfaces, ambiances, filtres, etc. Equip\u00e9 d&rsquo;une valve de vidange totale. Suivez les instructions sur l&#8217;emballage.<\/p>\n<\/div>\n<\/div>\n<\/div>\n<\/div>\n","protected":false},"excerpt":{"rendered":"<div class=\"page\" title=\"Page 26\">\n<div class=\"section\">\n<div class=\"layoutArea\">\n<div class=\"column\">\n<div><b><span lang=\"DE\">ASSAINISSANT POUR INT\u00c9RIEURS ET SURFACES DE VOITURE<\/span><\/b><\/div>\n<\/div>\n<\/div>\n<\/div>\n<\/div>\n","protected":false},"featured_media":8901,"template":"","meta":{"_acf_changed":false,"_seopress_robots_primary_cat":"","_seopress_titles_title":"","_seopress_titles_desc":"","_seopress_robots_index":"","_seopress_analysis_target_kw":""},"product_brand":[],"product_cat":[392,184],"product_tag":[],"class_list":{"0":"post-2915","1":"product","2":"type-product","3":"status-publish","4":"has-post-thumbnail","6":"product_cat-agent-assainissant","7":"product_cat-linea-atascar-fr","9":"first","10":"instock","11":"shipping-taxable","12":"product-type-simple"},"acf":[],"_links":{"self":[{"href":"https:\/\/www.atassrl.it\/fr\/wp-json\/wp\/v2\/product\/2915","targetHints":{"allow":["GET"]}}],"collection":[{"href":"https:\/\/www.atassrl.it\/fr\/wp-json\/wp\/v2\/product"}],"about":[{"href":"https:\/\/www.atassrl.it\/fr\/wp-json\/wp\/v2\/types\/product"}],"wp:featuredmedia":[{"embeddable":true,"href":"https:\/\/www.atassrl.it\/fr\/wp-json\/wp\/v2\/media\/8901"}],"wp:attachment":[{"href":"https:\/\/www.atassrl.it\/fr\/wp-json\/wp\/v2\/media?parent=2915"}],"wp:term":[{"taxonomy":"product_brand","embeddable":true,"href":"https:\/\/www.atassrl.it\/fr\/wp-json\/wp\/v2\/product_brand?post=2915"},{"taxonomy":"product_cat","embeddable":true,"href":"https:\/\/www.atassrl.it\/fr\/wp-json\/wp\/v2\/product_cat?post=2915"},{"taxonomy":"product_tag","embeddable":true,"href":"https:\/\/www.atassrl.it\/fr\/wp-json\/wp\/v2\/product_tag?post=2915"}],"curies":[{"name":"wp","href":"https:\/\/api.w.org\/{rel}","templated":true}]}}