{"id":2918,"date":"2019-07-04T17:57:29","date_gmt":"2019-07-04T15:57:29","guid":{"rendered":"http:\/\/atas.devsrvr.net\/prodotto\/autorad\/"},"modified":"2022-07-15T10:54:17","modified_gmt":"2022-07-15T08:54:17","slug":"autorad","status":"publish","type":"product","link":"https:\/\/www.atassrl.it\/fr\/prodotto\/autorad\/","title":{"rendered":"AUTORAD PURO\/-20\/-40"},"content":{"rendered":"<div class=\"page\" title=\"Page 27\">\n<div class=\"section\">\n<div class=\"layoutArea\">\n<div class=\"column\">\n<p>Produit \u00e0 base de mono\u00e9thyl\u00e8ne glycol de qualit\u00e9 indiscutable avec des inhibiteurs organiques et de grande consommation, il est antigel, anti-\u00e9vaporation, ne produit pas de mousse et \u00e9vite la formation de tartre. Il ne contient pas d&rsquo;amines et de nitrites pour un plus grand respect de l&rsquo;environnement et est parfaitement compatible avec tous les mat\u00e9riaux qui composent le circuit frigorifique. Utilisable en toutes saisons, il est disponible en bleu, vert, jaune, rouge et en diff\u00e9rents degr\u00e9s de protection contre le gel.<\/p>\n<\/div>\n<\/div>\n<\/div>\n<\/div>\n","protected":false},"excerpt":{"rendered":"<div class=\"page\" title=\"Page 27\">\n<div class=\"section\">\n<div class=\"layoutArea\">\n<div class=\"column\">\n<p>FLUIDE POUR CIRCUITS ETANCHES<\/p>\n<\/div>\n<\/div>\n<\/div>\n<\/div>\n","protected":false},"featured_media":8579,"template":"","meta":{"_acf_changed":false,"_seopress_robots_primary_cat":"","_seopress_titles_title":"","_seopress_titles_desc":"","_seopress_robots_index":"","_seopress_analysis_target_kw":""},"product_brand":[],"product_cat":[184,836],"product_tag":[878],"class_list":{"0":"post-2918","1":"product","2":"type-product","3":"status-publish","4":"has-post-thumbnail","6":"product_cat-linea-atascar-fr","7":"product_cat-produits-dhiver","8":"product_tag-produits-techniques","10":"first","11":"instock","12":"shipping-taxable","13":"product-type-variable"},"acf":[],"_links":{"self":[{"href":"https:\/\/www.atassrl.it\/fr\/wp-json\/wp\/v2\/product\/2918","targetHints":{"allow":["GET"]}}],"collection":[{"href":"https:\/\/www.atassrl.it\/fr\/wp-json\/wp\/v2\/product"}],"about":[{"href":"https:\/\/www.atassrl.it\/fr\/wp-json\/wp\/v2\/types\/product"}],"wp:featuredmedia":[{"embeddable":true,"href":"https:\/\/www.atassrl.it\/fr\/wp-json\/wp\/v2\/media\/8579"}],"wp:attachment":[{"href":"https:\/\/www.atassrl.it\/fr\/wp-json\/wp\/v2\/media?parent=2918"}],"wp:term":[{"taxonomy":"product_brand","embeddable":true,"href":"https:\/\/www.atassrl.it\/fr\/wp-json\/wp\/v2\/product_brand?post=2918"},{"taxonomy":"product_cat","embeddable":true,"href":"https:\/\/www.atassrl.it\/fr\/wp-json\/wp\/v2\/product_cat?post=2918"},{"taxonomy":"product_tag","embeddable":true,"href":"https:\/\/www.atassrl.it\/fr\/wp-json\/wp\/v2\/product_tag?post=2918"}],"curies":[{"name":"wp","href":"https:\/\/api.w.org\/{rel}","templated":true}]}}